{"id":2079,"date":"2021-06-22T12:30:57","date_gmt":"2021-06-22T10:30:57","guid":{"rendered":"https:\/\/cookroom.hu\/?page_id=2079"},"modified":"2025-12-02T13:55:21","modified_gmt":"2025-12-02T12:55:21","slug":"contacts","status":"publish","type":"page","link":"https:\/\/cookroom.hu\/en\/contacts\/","title":{"rendered":"Contacts"},"content":{"rendered":"<div id='full_slider_1'  class='avia-fullwidth-slider main_color avia-shadow   avia-builder-el-0  el_before_av_textblock  avia-builder-el-first   container_wrap fullsize' style=' '  ><div   data-size='no scaling'  data-lightbox_size='large'  data-animation='slide'  data-conditional_play=''  data-ids='1029'  data-video_counter='0'  data-autoplay='false'  data-bg_slider='false'  data-slide_height=''  data-handle='av_slideshow_full'  data-interval='5'  data-class=' '  data-el_id=''  data-css_id=''  data-scroll_down=''  data-control_layout='av-control-minimal'  data-custom_markup=''  data-perma_caption=''  data-autoplay_stopper=''  data-image_attachment=''  data-min_height='0px'  data-lazy_loading='disabled'  data-src=''  data-position='top left'  data-repeat='no-repeat'  data-attach='scroll'  data-stretch=''  class='avia-slideshow avia-slideshow-1  av-control-minimal av-default-height-applied avia-slideshow-no scaling av_slideshow_full   avia-slide-slider '  itemprop=\"image\" itemscope=\"itemscope\" itemtype=\"https:\/\/schema.org\/ImageObject\" ><ul class='avia-slideshow-inner ' style='padding-bottom: 21.875%;' ><li  class=' av-single-slide slide-1 ' ><div data-rel='slideshow-1' class='avia-slide-wrap '   ><div class = \"caption_fullwidth av-slideshow-caption caption_bottom\"><div class = \"container caption_container\"><div class = \"slideshow_caption\"><div class = \"slideshow_inner_caption\"><div class = \"slideshow_align_caption\"><div class='avia-caption-content  '  itemprop=\"description\"  ><h1>Contacts<\/h1>\n<\/div><\/div><\/div><\/div><\/div><\/div><img class=\"wp-image-2081 avia-img-lazy-loading-not-2081\"  src=\"https:\/\/cookroom.hu\/wp-content\/uploads\/2021\/02\/elerhetosegek-2.png\" width=\"1920\" height=\"420\" title='elerhetosegek' alt=''  itemprop=\"thumbnailUrl\" srcset=\"https:\/\/cookroom.hu\/wp-content\/uploads\/2021\/02\/elerhetosegek-2.png 1920w, https:\/\/cookroom.hu\/wp-content\/uploads\/2021\/02\/elerhetosegek-2-600x131.png 600w, https:\/\/cookroom.hu\/wp-content\/uploads\/2021\/02\/elerhetosegek-2-300x66.png 300w, https:\/\/cookroom.hu\/wp-content\/uploads\/2021\/02\/elerhetosegek-2-1030x225.png 1030w, https:\/\/cookroom.hu\/wp-content\/uploads\/2021\/02\/elerhetosegek-2-768x168.png 768w, https:\/\/cookroom.hu\/wp-content\/uploads\/2021\/02\/elerhetosegek-2-1536x336.png 1536w\" sizes=\"(max-width: 1920px) 100vw, 1920px\" \/><\/div><\/li><\/ul><\/div><\/div><div id='after_full_slider_1'  class='main_color av_default_container_wrap container_wrap fullsize' style=' '  ><div class='container' ><div class='template-page content  av-content-full alpha units'><div class='post-entry post-entry-type-page post-entry-2079'><div class='entry-content-wrapper clearfix'>\n<section class=\"av_textblock_section \"  itemscope=\"itemscope\" itemtype=\"https:\/\/schema.org\/CreativeWork\" ><div class='avia_textblock  '   itemprop=\"text\" ><h2 style=\"text-align: center;\">Italian kitchen and bathroom furniture to suit your home style<\/h2>\n<\/div><\/section>\n<section class=\"av_textblock_section \"  itemscope=\"itemscope\" itemtype=\"https:\/\/schema.org\/CreativeWork\" ><div class='avia_textblock  '   itemprop=\"text\" ><p style=\"text-align: center;\">We are happy to consult with you by email, phone, or welcome you to our showroom in the III. district, where you can be inspired personally. If you come to us, we can even immediately discuss your needs and expectations.<\/p>\n<\/div><\/section>\n<\/div><\/div><\/div><!-- close content main div --><\/div><\/div><div id='av_section_1'  class='avia-section main_color avia-section-huge avia-no-border-styling  avia-full-stretch av-parallax-section avia-bg-style-parallax  avia-builder-el-3  el_after_av_textblock  el_before_av_section  fullwidth sotet-bg  container_wrap fullsize' style=' '  data-section-bg-repeat='stretch'><div class='av-parallax' data-avia-parallax-ratio='0.3' ><div class='av-parallax-inner main_color  avia-full-stretch' style = 'background-repeat: no-repeat; background-image: url(https:\/\/cookroom.hu\/wp-content\/uploads\/2020\/06\/cta-bg.jpg);background-attachment: scroll; background-position: center center; ' ><\/div><\/div><div class='container' ><div class='template-page content  av-content-full alpha units'><div class='post-entry post-entry-type-page post-entry-2079'><div class='entry-content-wrapper clearfix'>\n<div  style='height:55px' class='hr hr-invisible   avia-builder-el-4  avia-builder-el-no-sibling '><span class='hr-inner ' ><span class='hr-inner-style'><\/span><\/span><\/div>\n\n<\/div><\/div><\/div><!-- close content main div --><\/div><\/div><div id='av_section_2'  class='avia-section alternate_color avia-section-huge avia-no-border-styling  avia-bg-style-scroll  avia-builder-el-5  el_after_av_section  el_before_av_google_map   container_wrap fullsize' style=' '  ><div class='container' ><div class='template-page content  av-content-full alpha units'><div class='post-entry post-entry-type-page post-entry-2079'><div class='entry-content-wrapper clearfix'>\n<div class=\"flex_column av_one_half  flex_column_div av-zero-column-padding first  avia-builder-el-6  el_before_av_one_half  avia-builder-el-first  \" style='border-radius:0px; '><section class=\"av_textblock_section \"  itemscope=\"itemscope\" itemtype=\"https:\/\/schema.org\/CreativeWork\" ><div class='avia_textblock  '   itemprop=\"text\" ><p><strong>Opening hours:<\/strong> by appointment only<br \/>\n<strong>Address:<\/strong> 1037 Budapest, Kunigunda \u00fatja 78.<br \/>\n<strong>E-mail:<\/strong> design@aliante.hu<\/p>\n<p><strong>Edina Litvai <\/strong><br \/>\nTel: <a href=\"tel:+36 30 2798709\">+36 30 2798709<\/a><br \/>\nE-mail: <a href=\"mailto:litvai.edina@cookroom.hu\">litvai.edina@cookroom.hu<\/a><\/p>\n<\/div><\/section><\/div><div class=\"flex_column av_one_half  flex_column_div av-zero-column-padding   avia-builder-el-8  el_after_av_one_half  avia-builder-el-last  \" style='border-radius:0px; '><section class=\"av_textblock_section \"  id=\"form\"  itemscope=\"itemscope\" itemtype=\"https:\/\/schema.org\/CreativeWork\" ><div class='avia_textblock  '   itemprop=\"text\" ><p style=\"text-align: center;\">Fill out the form below and visit us!<\/p>\n<div role=\"form\" class=\"wpcf7\" id=\"wpcf7-f2407-o1\" lang=\"hu-HU\" dir=\"ltr\">\n<div class=\"screen-reader-response\"><p role=\"status\" aria-live=\"polite\" aria-atomic=\"true\"><\/p> <ul><\/ul><\/div>\n<form action=\"\/en\/wp-json\/wp\/v2\/pages\/2079#wpcf7-f2407-o1\" method=\"post\" class=\"wpcf7-form init\" novalidate=\"novalidate\" data-status=\"init\">\n<div style=\"display: none;\">\n<input type=\"hidden\" name=\"_wpcf7\" value=\"2407\" \/>\n<input type=\"hidden\" name=\"_wpcf7_version\" value=\"5.6\" \/>\n<input type=\"hidden\" name=\"_wpcf7_locale\" value=\"hu_HU\" \/>\n<input type=\"hidden\" name=\"_wpcf7_unit_tag\" value=\"wpcf7-f2407-o1\" \/>\n<input type=\"hidden\" name=\"_wpcf7_container_post\" value=\"0\" \/>\n<input type=\"hidden\" name=\"_wpcf7_posted_data_hash\" value=\"\" \/>\n<input type=\"hidden\" name=\"_wpcf7_recaptcha_response\" value=\"\" \/>\n<\/div>\n<p><span class=\"wpcf7-form-control-wrap\" data-name=\"d-name\"><input type=\"text\" name=\"d-name\" value=\"\" size=\"40\" class=\"wpcf7-form-control wpcf7-text wpcf7-validates-as-required\" aria-required=\"true\" aria-invalid=\"false\" placeholder=\"Name:\" \/><\/span>\n<span class=\"wpcf7-form-control-wrap\" data-name=\"d-tel\"><input type=\"tel\" name=\"d-tel\" value=\"\" size=\"40\" class=\"wpcf7-form-control wpcf7-text wpcf7-tel wpcf7-validates-as-tel\" aria-invalid=\"false\" placeholder=\"Phone:\" \/><\/span>\n<span class=\"wpcf7-form-control-wrap\" data-name=\"d-email\"><input type=\"email\" name=\"d-email\" value=\"\" size=\"40\" class=\"wpcf7-form-control wpcf7-text wpcf7-email wpcf7-validates-as-required wpcf7-validates-as-email\" aria-required=\"true\" aria-invalid=\"false\" placeholder=\"Email:\" \/><\/span>\n<span class=\"wpcf7-form-control-wrap\" data-name=\"d-tevekenyseg\"><input type=\"text\" name=\"d-tevekenyseg\" value=\"\" size=\"40\" class=\"wpcf7-form-control wpcf7-text\" aria-invalid=\"false\" placeholder=\"Business activity:\" \/><\/span>\n<span class=\"wpcf7-form-control-wrap\" data-name=\"d-desc\"><textarea name=\"d-desc\" cols=\"40\" rows=\"10\" class=\"wpcf7-form-control wpcf7-textarea\" aria-invalid=\"false\" placeholder=\"Your plans:\"><\/textarea><\/span>\n<span class=\"wpcf7-form-control-wrap\" data-name=\"d-talalkozo\"><input type=\"text\" name=\"d-talalkozo\" value=\"\" size=\"40\" class=\"wpcf7-form-control wpcf7-text\" aria-invalid=\"false\" placeholder=\"Ideal time for personal meeting:\" \/><\/span><\/p>\n<p><input type=\"submit\" value=\"Send\" class=\"wpcf7-form-control has-spinner wpcf7-submit\" \/><\/p>\n<div class=\"wpcf7-response-output\" aria-hidden=\"true\"><\/div><\/form><\/div>\n<\/div><\/section><\/div><div  class='av_gmaps_sc_main_wrap av_gmaps_main_wrap '><div id='av_gmap_0' class='avia-google-map-container avia-google-map-sc av_gmaps_show_unconditionally av-no-fallback-img ' data-mapid='av_gmap_0'  style='height: 400px;'><a class=\"av_gmaps_browser_disabled av_text_confirm_link av_text_confirm_link_visible\" href=\"https:\/\/www.google.com\/maps\/search\/?api=1&#038;query=Budafoki%20\u00fat%2070%201117%20Budapest%20Budapest%20Magyarorsz\u00e1g\" target=\"_blank\" rel=\"noopener\">Maps were disabled by the visitor on this site. Click to open the map in a new window.<\/a><\/div><\/div><\/p>\n","protected":false},"excerpt":{"rendered":"","protected":false},"author":3,"featured_media":0,"parent":0,"menu_order":0,"comment_status":"closed","ping_status":"closed","template":"","meta":[],"yoast_head":"<!-- This site is optimized with the Yoast SEO plugin v19.12 - https:\/\/yoast.com\/wordpress\/plugins\/seo\/ -->\n<title>Contact - Exclusive Italian kitchen furniture - Cookroom<\/title>\n<meta name=\"description\" content=\"Unique Italian kitchen furniture, bathroom furniture, dining and bedroom sets. Visit us and we will design the home you have always wanted!\" \/>\n<meta name=\"robots\" content=\"index, follow, max-snippet:-1, max-image-preview:large, max-video-preview:-1\" \/>\n<link rel=\"canonical\" href=\"https:\/\/cookroom.hu\/en\/contacts\/\" \/>\n<meta property=\"og:locale\" content=\"en_US\" \/>\n<meta property=\"og:type\" content=\"article\" \/>\n<meta property=\"og:title\" content=\"Contact - Exclusive Italian kitchen furniture - Cookroom\" \/>\n<meta property=\"og:description\" content=\"Unique Italian kitchen furniture, bathroom furniture, dining and bedroom sets. Visit us and we will design the home you have always wanted!\" \/>\n<meta property=\"og:url\" content=\"https:\/\/cookroom.hu\/en\/contacts\/\" \/>\n<meta property=\"og:site_name\" content=\"Cookroom - Aliante Design\" \/>\n<meta property=\"article:modified_time\" content=\"2025-12-02T12:55:21+00:00\" \/>\n<meta name=\"twitter:card\" content=\"summary_large_image\" \/>\n<meta name=\"twitter:label1\" content=\"Est. reading time\" \/>\n\t<meta name=\"twitter:data1\" content=\"3 minutes\" \/>\n<script type=\"application\/ld+json\" class=\"yoast-schema-graph\">{\"@context\":\"https:\/\/schema.org\",\"@graph\":[{\"@type\":\"WebPage\",\"@id\":\"https:\/\/cookroom.hu\/en\/contacts\/\",\"url\":\"https:\/\/cookroom.hu\/en\/contacts\/\",\"name\":\"Contact - Exclusive Italian kitchen furniture - Cookroom\",\"isPartOf\":{\"@id\":\"https:\/\/cookroom.hu\/en\/#website\"},\"datePublished\":\"2021-06-22T10:30:57+00:00\",\"dateModified\":\"2025-12-02T12:55:21+00:00\",\"description\":\"Unique Italian kitchen furniture, bathroom furniture, dining and bedroom sets. Visit us and we will design the home you have always wanted!\",\"breadcrumb\":{\"@id\":\"https:\/\/cookroom.hu\/en\/contacts\/#breadcrumb\"},\"inLanguage\":\"en-US\",\"potentialAction\":[{\"@type\":\"ReadAction\",\"target\":[\"https:\/\/cookroom.hu\/en\/contacts\/\"]}]},{\"@type\":\"BreadcrumbList\",\"@id\":\"https:\/\/cookroom.hu\/en\/contacts\/#breadcrumb\",\"itemListElement\":[{\"@type\":\"ListItem\",\"position\":1,\"name\":\"Kezd\u0151lap\",\"item\":\"https:\/\/cookroom.hu\/en\/\"},{\"@type\":\"ListItem\",\"position\":2,\"name\":\"Contacts\"}]},{\"@type\":\"WebSite\",\"@id\":\"https:\/\/cookroom.hu\/en\/#website\",\"url\":\"https:\/\/cookroom.hu\/en\/\",\"name\":\"Cookroom - Aliante Design\",\"description\":\"Exkluz\u00edv design b\u00fatorok \u00e9s lakberendez\u00e9si kieg\u00e9sz\u00edt\u0151k\",\"potentialAction\":[{\"@type\":\"SearchAction\",\"target\":{\"@type\":\"EntryPoint\",\"urlTemplate\":\"https:\/\/cookroom.hu\/en\/?s={search_term_string}\"},\"query-input\":\"required name=search_term_string\"}],\"inLanguage\":\"en-US\"}]}<\/script>\n<!-- \/ Yoast SEO plugin. -->","yoast_head_json":{"title":"Contact - Exclusive Italian kitchen furniture - Cookroom","description":"Unique Italian kitchen furniture, bathroom furniture, dining and bedroom sets. Visit us and we will design the home you have always wanted!","robots":{"index":"index","follow":"follow","max-snippet":"max-snippet:-1","max-image-preview":"max-image-preview:large","max-video-preview":"max-video-preview:-1"},"canonical":"https:\/\/cookroom.hu\/en\/contacts\/","og_locale":"en_US","og_type":"article","og_title":"Contact - Exclusive Italian kitchen furniture - Cookroom","og_description":"Unique Italian kitchen furniture, bathroom furniture, dining and bedroom sets. Visit us and we will design the home you have always wanted!","og_url":"https:\/\/cookroom.hu\/en\/contacts\/","og_site_name":"Cookroom - Aliante Design","article_modified_time":"2025-12-02T12:55:21+00:00","twitter_card":"summary_large_image","twitter_misc":{"Est. reading time":"3 minutes"},"schema":{"@context":"https:\/\/schema.org","@graph":[{"@type":"WebPage","@id":"https:\/\/cookroom.hu\/en\/contacts\/","url":"https:\/\/cookroom.hu\/en\/contacts\/","name":"Contact - Exclusive Italian kitchen furniture - Cookroom","isPartOf":{"@id":"https:\/\/cookroom.hu\/en\/#website"},"datePublished":"2021-06-22T10:30:57+00:00","dateModified":"2025-12-02T12:55:21+00:00","description":"Unique Italian kitchen furniture, bathroom furniture, dining and bedroom sets. Visit us and we will design the home you have always wanted!","breadcrumb":{"@id":"https:\/\/cookroom.hu\/en\/contacts\/#breadcrumb"},"inLanguage":"en-US","potentialAction":[{"@type":"ReadAction","target":["https:\/\/cookroom.hu\/en\/contacts\/"]}]},{"@type":"BreadcrumbList","@id":"https:\/\/cookroom.hu\/en\/contacts\/#breadcrumb","itemListElement":[{"@type":"ListItem","position":1,"name":"Kezd\u0151lap","item":"https:\/\/cookroom.hu\/en\/"},{"@type":"ListItem","position":2,"name":"Contacts"}]},{"@type":"WebSite","@id":"https:\/\/cookroom.hu\/en\/#website","url":"https:\/\/cookroom.hu\/en\/","name":"Cookroom - Aliante Design","description":"Exkluz\u00edv design b\u00fatorok \u00e9s lakberendez\u00e9si kieg\u00e9sz\u00edt\u0151k","potentialAction":[{"@type":"SearchAction","target":{"@type":"EntryPoint","urlTemplate":"https:\/\/cookroom.hu\/en\/?s={search_term_string}"},"query-input":"required name=search_term_string"}],"inLanguage":"en-US"}]}},"_links":{"self":[{"href":"https:\/\/cookroom.hu\/en\/wp-json\/wp\/v2\/pages\/2079"}],"collection":[{"href":"https:\/\/cookroom.hu\/en\/wp-json\/wp\/v2\/pages"}],"about":[{"href":"https:\/\/cookroom.hu\/en\/wp-json\/wp\/v2\/types\/page"}],"author":[{"embeddable":true,"href":"https:\/\/cookroom.hu\/en\/wp-json\/wp\/v2\/users\/3"}],"replies":[{"embeddable":true,"href":"https:\/\/cookroom.hu\/en\/wp-json\/wp\/v2\/comments?post=2079"}],"version-history":[{"count":9,"href":"https:\/\/cookroom.hu\/en\/wp-json\/wp\/v2\/pages\/2079\/revisions"}],"predecessor-version":[{"id":2865,"href":"https:\/\/cookroom.hu\/en\/wp-json\/wp\/v2\/pages\/2079\/revisions\/2865"}],"wp:attachment":[{"href":"https:\/\/cookroom.hu\/en\/wp-json\/wp\/v2\/media?parent=2079"}],"curies":[{"name":"wp","href":"https:\/\/api.w.org\/{rel}","templated":true}]}}