{"id":1927,"date":"2021-06-21T15:30:03","date_gmt":"2021-06-21T13:30:03","guid":{"rendered":"https:\/\/cookroom.hu\/?page_id=1927"},"modified":"2021-06-23T11:03:07","modified_gmt":"2021-06-23T09:03:07","slug":"blog","status":"publish","type":"page","link":"https:\/\/cookroom.hu\/en\/blog\/","title":{"rendered":"Blog"},"content":{"rendered":"<div  style='padding-bottom:10px; ' class='av-special-heading av-special-heading-h1  blockquote modern-quote modern-centered  avia-builder-el-0  el_before_av_textblock  avia-builder-el-first  '><h1 class='av-special-heading-tag '  itemprop=\"headline\"  >Follow our blog and always be up-to-date with the latest interior design styles!<\/h1><div class='special-heading-border'><div class='special-heading-inner-border' ><\/div><\/div><\/div>\n<section class=\"av_textblock_section \"  itemscope=\"itemscope\" itemtype=\"https:\/\/schema.org\/CreativeWork\" ><div class='avia_textblock  '   itemprop=\"text\" ><p style=\"text-align: center;\">We regularly post new articles about the latest trends and what&#8217;s new in our range. If you want to know all about modern kitchen, bathroom, dining room and bedroom design, or want to keep up to date with our latest solutions and design furniture, you&#8217;ve come to the right place.<\/p>\n<p style=\"text-align: center;\">Our articles will not only help you stay in the loop, they&#8217;ll also serve as inspiration. Get inspired by our latest solutions or take a look at our references, which offer a whole range of interior design ideas and styles!<\/p>\n<\/div><\/section>\n<div  style='height:30px' class='hr hr-invisible   avia-builder-el-2  el_after_av_textblock  el_before_av_button '><span class='hr-inner ' ><span class='hr-inner-style'><\/span><\/span><\/div>\n<div  class='avia-button-wrap avia-button-center  avia-builder-el-3  el_after_av_hr  el_before_av_section  avia-builder-el-last ' ><a href='https:\/\/cookroom.hu\/en\/references\/'  class='avia-button  avia-color-theme-color   avia-icon_select-no avia-size-small avia-position-center '   ><span class='avia_iconbox_title' >Our references<\/span><\/a><\/div>\n<\/div><\/div><\/div><!-- close content main div --><\/div><\/div><div id='av_section_1'  class='avia-section main_color avia-section-small avia-no-border-styling  avia-bg-style-scroll  avia-builder-el-4  el_after_av_button  el_before_av_blog  spec-sep  container_wrap fullsize' style=' '  ><div class='container' ><div class='template-page content  av-content-full alpha units'><div class='post-entry post-entry-type-page post-entry-1927'><div class='entry-content-wrapper clearfix'>\n<div  style=' margin-top:0; margin-bottom:0;'  class='hr hr-custom hr-center hr-icon-yes   avia-builder-el-5  avia-builder-el-no-sibling '><span class='hr-inner  inner-border-av-border-thin' style=' width:60px; border-color:#dcdada; max-width:45%;' ><span class='hr-inner-style'><\/span><\/span><span class='av-seperator-icon' style='color:#dcdada;' aria-hidden='true' data-av_icon='\ue843' data-av_iconfont='cookroom'><\/span><span class='hr-inner  inner-border-av-border-thin' style=' width:60px; border-color:#dcdada; max-width:45%;' ><span class='hr-inner-style'><\/span><\/span><\/div>\n<\/div><\/div><\/div><!-- close content main div --><\/div><\/div><div id='after_section_1'  class='main_color av_default_container_wrap container_wrap fullsize' style=' '  ><div class='container' ><div class='template-page content  av-content-full alpha units'><div class='post-entry post-entry-type-page post-entry-1927'><div class='entry-content-wrapper clearfix'>\n<div  class='av-alb-blogposts template-blog  av-blog-meta-author-disabled av-blog-meta-comments-disabled av-blog-meta-html-info-disabled '  itemscope=\"itemscope\" itemtype=\"https:\/\/schema.org\/Blog\" ><article class='post-entry post-entry-type-standard post-entry-1940 post-loop-1 post-parity-odd post-entry-last single-big with-slider post-1940 post type-post status-publish format-standard has-post-thumbnail hentry'  itemscope=\"itemscope\" itemtype=\"https:\/\/schema.org\/BlogPosting\" ><div class='blog-meta'><\/div><div class='entry-content-wrapper clearfix standard-content'><header class=\"entry-content-header\"><div class=\"av-heading-wrapper\"><span class=\"blog-categories minor-meta\"> <\/span><h2 class='post-title entry-title '  itemprop=\"headline\" >\t<a href='https:\/\/cookroom.hu\/en\/blog\/custom-made-italian-design-kitchen\/' rel='bookmark' title='Permanent Link: Cozy kitchen at home &#8211; Custom made Italian design from kitchen furniture designers'>Cozy kitchen at home &#8211; Custom made Italian design from kitchen furniture designers\t\t\t<span class='post-format-icon minor-meta'><\/span>\t<\/a><\/h2><\/div><\/header><span class=\"av-vertical-delimiter\"><\/span><div class=\"big-preview single-big\"  itemprop=\"image\" itemscope=\"itemscope\" itemtype=\"https:\/\/schema.org\/ImageObject\" ><a href=\"https:\/\/cookroom.hu\/en\/blog\/custom-made-italian-design-kitchen\/\"  title=\"20013_GM-Upgrade_Comp_2_v0_gen\" ><img width=\"1600\" height=\"1000\" src=\"https:\/\/cookroom.hu\/wp-content\/uploads\/2021\/02\/20013_GM-Upgrade_Comp_2_v0_gen.jpg\" class=\"wp-image-1580 avia-img-lazy-loading-not-1580 attachment-entry_without_sidebar size-entry_without_sidebar wp-post-image\" alt=\"\" srcset=\"https:\/\/cookroom.hu\/wp-content\/uploads\/2021\/02\/20013_GM-Upgrade_Comp_2_v0_gen.jpg 1600w, https:\/\/cookroom.hu\/wp-content\/uploads\/2021\/02\/20013_GM-Upgrade_Comp_2_v0_gen-600x375.jpg 600w, https:\/\/cookroom.hu\/wp-content\/uploads\/2021\/02\/20013_GM-Upgrade_Comp_2_v0_gen-300x188.jpg 300w, https:\/\/cookroom.hu\/wp-content\/uploads\/2021\/02\/20013_GM-Upgrade_Comp_2_v0_gen-1030x644.jpg 1030w, https:\/\/cookroom.hu\/wp-content\/uploads\/2021\/02\/20013_GM-Upgrade_Comp_2_v0_gen-768x480.jpg 768w, https:\/\/cookroom.hu\/wp-content\/uploads\/2021\/02\/20013_GM-Upgrade_Comp_2_v0_gen-1536x960.jpg 1536w\" sizes=\"(max-width: 1600px) 100vw, 1600px\" \/><\/a><\/div><div class=\"entry-content\"  itemprop=\"text\" ><p>Those of you who already know us know that the kitchen is where we really excel in interior design. We have nearly 20 years of first-hand experience with the Italian kitchen furniture designer GD Arredamenti and its products, as we initially only sold products from this factory in Hungary. However, times are changing, the economic [&hellip;]<\/p>\n<div class=\"read-more-link\"><a href=\"https:\/\/cookroom.hu\/en\/blog\/custom-made-italian-design-kitchen\/\" class=\"more-link\">Read more<span class=\"more-link-arrow\"><\/span><\/a><\/div>\n<\/div><span class='post-meta-infos'><time class='date-container minor-meta updated' >2021.06.21.<\/time><span class='text-sep text-sep-date'>\/<\/span><span class=\"blog-author minor-meta\">by <span class=\"entry-author-link\"  itemprop=\"author\" ><span class=\"author\"><span class=\"fn\"><a href=\"https:\/\/cookroom.hu\/en\/blog\/author\/webmedic\/\" title=\"Posts by Cookroom\" rel=\"author\">Cookroom<\/a><\/span><\/span><\/span><\/span><\/span><footer class=\"entry-footer\"><\/footer><div class='post_delimiter'><\/div><\/div><div class='post_author_timeline'><\/div><span class='hidden'>\n\t\t\t\t<span class='av-structured-data'  itemprop=\"image\" itemscope=\"itemscope\" itemtype=\"https:\/\/schema.org\/ImageObject\" >\n\t\t\t\t\t\t<span itemprop='url'>https:\/\/cookroom.hu\/wp-content\/uploads\/2021\/02\/20013_GM-Upgrade_Comp_2_v0_gen.jpg<\/span>\n\t\t\t\t\t\t<span itemprop='height'>1000<\/span>\n\t\t\t\t\t\t<span itemprop='width'>1600<\/span>\n\t\t\t\t<\/span>\n\t\t\t\t<span class='av-structured-data'  itemprop=\"publisher\" itemtype=\"https:\/\/schema.org\/Organization\" itemscope=\"itemscope\" >\n\t\t\t\t\t\t<span itemprop='name'>Cookroom<\/span>\n\t\t\t\t\t\t<span itemprop='logo' itemscope itemtype='https:\/\/schema.org\/ImageObject'>\n\t\t\t\t\t\t\t<span itemprop='url'>https:\/\/cookroom.hu\/wp-content\/uploads\/2023\/09\/aliante-cookroom-logo-01-300x172.png<\/span>\n\t\t\t\t\t\t <\/span>\n\t\t\t\t<\/span><span class='av-structured-data'  itemprop=\"author\" itemscope=\"itemscope\" itemtype=\"https:\/\/schema.org\/Person\" ><span itemprop='name'>Cookroom<\/span><\/span><span class='av-structured-data'  itemprop=\"datePublished\" datetime=\"2021-06-21T15:39:34+02:00\" >2021-06-21 15:39:34<\/span><span class='av-structured-data'  itemprop=\"dateModified\" itemtype=\"https:\/\/schema.org\/dateModified\" >2021-06-21 15:41:27<\/span><span class='av-structured-data'  itemprop=\"mainEntityOfPage\" itemtype=\"https:\/\/schema.org\/mainEntityOfPage\" ><span itemprop='name'>Cozy kitchen at home &#8211; Custom made Italian design from kitchen furniture designers<\/span><\/span><\/span><\/article><div class='single-big'><\/div><\/div>\n<\/div><\/div><\/div><!-- close content main div --><\/div><\/div><div id='av_section_2'  class='avia-section alternate_color avia-section-huge avia-no-border-styling  avia-bg-style-scroll   container_wrap fullsize' style=' '  ><div class='container' ><div class='template-page content  av-content-full alpha units'><div class='post-entry post-entry-type-page post-entry-1927'><div class='entry-content-wrapper clearfix'>\n<div  style='padding-bottom:20px; ' class='av-special-heading av-special-heading-h2  blockquote modern-quote modern-centered  '><h2 class='av-special-heading-tag '  itemprop=\"headline\"  >If you already have your dream home in mind, contact us so we can create it for you!<\/h2><div class='special-heading-border'><div class='special-heading-inner-border' ><\/div><\/div><\/div>\n<section class=\"av_textblock_section \"  itemscope=\"itemscope\" itemtype=\"https:\/\/schema.org\/BlogPosting\" itemprop=\"blogPost\" ><div class='avia_textblock  '   itemprop=\"text\" ><p style=\"text-align: center;\">Fill out the form below and visit us!<\/p>\n<div role=\"form\" class=\"wpcf7\" id=\"wpcf7-f76-o1\" lang=\"hu-HU\" dir=\"ltr\">\n<div class=\"screen-reader-response\"><p role=\"status\" aria-live=\"polite\" aria-atomic=\"true\"><\/p> <ul><\/ul><\/div>\n<form action=\"\/en\/wp-json\/wp\/v2\/pages\/1927#wpcf7-f76-o1\" method=\"post\" class=\"wpcf7-form init\" novalidate=\"novalidate\" data-status=\"init\">\n<div style=\"display: none;\">\n<input type=\"hidden\" name=\"_wpcf7\" value=\"76\" \/>\n<input type=\"hidden\" name=\"_wpcf7_version\" value=\"5.6\" \/>\n<input type=\"hidden\" name=\"_wpcf7_locale\" value=\"hu_HU\" \/>\n<input type=\"hidden\" name=\"_wpcf7_unit_tag\" value=\"wpcf7-f76-o1\" \/>\n<input type=\"hidden\" name=\"_wpcf7_container_post\" value=\"0\" \/>\n<input type=\"hidden\" name=\"_wpcf7_posted_data_hash\" value=\"\" \/>\n<input type=\"hidden\" name=\"_wpcf7_recaptcha_response\" value=\"\" \/>\n<\/div>\n<p><span class=\"wpcf7-form-control-wrap\" data-name=\"d-name\"><input type=\"text\" name=\"d-name\" value=\"\" size=\"40\" class=\"wpcf7-form-control wpcf7-text wpcf7-validates-as-required\" aria-required=\"true\" aria-invalid=\"false\" placeholder=\"N\u00e9v:\" \/><\/span>\n<span class=\"wpcf7-form-control-wrap\" data-name=\"d-tel\"><input type=\"tel\" name=\"d-tel\" value=\"\" size=\"40\" class=\"wpcf7-form-control wpcf7-text wpcf7-tel wpcf7-validates-as-tel\" aria-invalid=\"false\" placeholder=\"Telefonsz\u00e1m:\" \/><\/span>\n<span class=\"wpcf7-form-control-wrap\" data-name=\"d-email\"><input type=\"email\" name=\"d-email\" value=\"\" size=\"40\" class=\"wpcf7-form-control wpcf7-text wpcf7-email wpcf7-validates-as-required wpcf7-validates-as-email\" aria-required=\"true\" aria-invalid=\"false\" placeholder=\"Email:\" \/><\/span>\n<span class=\"wpcf7-form-control-wrap\" data-name=\"d-tevekenyseg\"><input type=\"text\" name=\"d-tevekenyseg\" value=\"\" size=\"40\" class=\"wpcf7-form-control wpcf7-text\" aria-invalid=\"false\" placeholder=\"Tev\u00e9kenys\u00e9gi k\u00f6r:\" \/><\/span>\n<span class=\"wpcf7-form-control-wrap\" data-name=\"d-desc\"><textarea name=\"d-desc\" cols=\"40\" rows=\"10\" class=\"wpcf7-form-control wpcf7-textarea\" aria-invalid=\"false\" placeholder=\"Terveid r\u00f6vid le\u00edr\u00e1sa:\"><\/textarea><\/span>\n<span class=\"wpcf7-form-control-wrap\" data-name=\"d-talalkozo\"><input type=\"text\" name=\"d-talalkozo\" value=\"\" size=\"40\" class=\"wpcf7-form-control wpcf7-text\" aria-invalid=\"false\" placeholder=\"Szem\u00e9lyes tal\u00e1lkoz\u00f3 sz\u00e1modra ide\u00e1lis id\u0151pontja:\" \/><\/span><\/p>\n<p><input type=\"submit\" value=\"Elk\u00fcld\" class=\"wpcf7-form-control has-spinner wpcf7-submit\" \/><\/p>\n<div class=\"wpcf7-response-output\" aria-hidden=\"true\"><\/div><\/form><\/div>\n<\/div><\/section>\n\n","protected":false},"excerpt":{"rendered":"","protected":false},"author":3,"featured_media":0,"parent":0,"menu_order":0,"comment_status":"closed","ping_status":"closed","template":"","meta":[],"yoast_head":"<!-- This site is optimized with the Yoast SEO plugin v19.12 - https:\/\/yoast.com\/wordpress\/plugins\/seo\/ -->\n<title>Blog - Home Decoration - Design Furniture - Modern Kitchen - Cookroom<\/title>\n<meta name=\"description\" content=\"Follow our up-to-date blog so you can keep up with the latest interior design styles and trends! Feel free to contact us!\" \/>\n<meta name=\"robots\" content=\"index, follow, max-snippet:-1, max-image-preview:large, max-video-preview:-1\" \/>\n<link rel=\"canonical\" href=\"https:\/\/cookroom.hu\/en\/blog\/\" \/>\n<meta property=\"og:locale\" content=\"en_US\" \/>\n<meta property=\"og:type\" content=\"article\" \/>\n<meta property=\"og:title\" content=\"Blog - Home Decoration - Design Furniture - Modern Kitchen - Cookroom\" \/>\n<meta property=\"og:description\" content=\"Follow our up-to-date blog so you can keep up with the latest interior design styles and trends! Feel free to contact us!\" \/>\n<meta property=\"og:url\" content=\"https:\/\/cookroom.hu\/en\/blog\/\" \/>\n<meta property=\"og:site_name\" content=\"Cookroom - Aliante Design\" \/>\n<meta property=\"article:modified_time\" content=\"2021-06-23T09:03:07+00:00\" \/>\n<meta name=\"twitter:card\" content=\"summary_large_image\" \/>\n<meta name=\"twitter:label1\" content=\"Est. reading time\" \/>\n\t<meta name=\"twitter:data1\" content=\"2 minutes\" \/>\n<script type=\"application\/ld+json\" class=\"yoast-schema-graph\">{\"@context\":\"https:\/\/schema.org\",\"@graph\":[{\"@type\":\"WebPage\",\"@id\":\"https:\/\/cookroom.hu\/en\/blog\/\",\"url\":\"https:\/\/cookroom.hu\/en\/blog\/\",\"name\":\"Blog - Home Decoration - Design Furniture - Modern Kitchen - Cookroom\",\"isPartOf\":{\"@id\":\"https:\/\/cookroom.hu\/en\/#website\"},\"datePublished\":\"2021-06-21T13:30:03+00:00\",\"dateModified\":\"2021-06-23T09:03:07+00:00\",\"description\":\"Follow our up-to-date blog so you can keep up with the latest interior design styles and trends! Feel free to contact us!\",\"breadcrumb\":{\"@id\":\"https:\/\/cookroom.hu\/en\/blog\/#breadcrumb\"},\"inLanguage\":\"en-US\",\"potentialAction\":[{\"@type\":\"ReadAction\",\"target\":[\"https:\/\/cookroom.hu\/en\/blog\/\"]}]},{\"@type\":\"BreadcrumbList\",\"@id\":\"https:\/\/cookroom.hu\/en\/blog\/#breadcrumb\",\"itemListElement\":[{\"@type\":\"ListItem\",\"position\":1,\"name\":\"Kezd\u0151lap\",\"item\":\"https:\/\/cookroom.hu\/en\/\"},{\"@type\":\"ListItem\",\"position\":2,\"name\":\"Blog\"}]},{\"@type\":\"WebSite\",\"@id\":\"https:\/\/cookroom.hu\/en\/#website\",\"url\":\"https:\/\/cookroom.hu\/en\/\",\"name\":\"Cookroom - Aliante Design\",\"description\":\"Exkluz\u00edv design b\u00fatorok \u00e9s lakberendez\u00e9si kieg\u00e9sz\u00edt\u0151k\",\"potentialAction\":[{\"@type\":\"SearchAction\",\"target\":{\"@type\":\"EntryPoint\",\"urlTemplate\":\"https:\/\/cookroom.hu\/en\/?s={search_term_string}\"},\"query-input\":\"required name=search_term_string\"}],\"inLanguage\":\"en-US\"}]}<\/script>\n<!-- \/ Yoast SEO plugin. -->","yoast_head_json":{"title":"Blog - Home Decoration - Design Furniture - Modern Kitchen - Cookroom","description":"Follow our up-to-date blog so you can keep up with the latest interior design styles and trends! Feel free to contact us!","robots":{"index":"index","follow":"follow","max-snippet":"max-snippet:-1","max-image-preview":"max-image-preview:large","max-video-preview":"max-video-preview:-1"},"canonical":"https:\/\/cookroom.hu\/en\/blog\/","og_locale":"en_US","og_type":"article","og_title":"Blog - Home Decoration - Design Furniture - Modern Kitchen - Cookroom","og_description":"Follow our up-to-date blog so you can keep up with the latest interior design styles and trends! Feel free to contact us!","og_url":"https:\/\/cookroom.hu\/en\/blog\/","og_site_name":"Cookroom - Aliante Design","article_modified_time":"2021-06-23T09:03:07+00:00","twitter_card":"summary_large_image","twitter_misc":{"Est. reading time":"2 minutes"},"schema":{"@context":"https:\/\/schema.org","@graph":[{"@type":"WebPage","@id":"https:\/\/cookroom.hu\/en\/blog\/","url":"https:\/\/cookroom.hu\/en\/blog\/","name":"Blog - Home Decoration - Design Furniture - Modern Kitchen - Cookroom","isPartOf":{"@id":"https:\/\/cookroom.hu\/en\/#website"},"datePublished":"2021-06-21T13:30:03+00:00","dateModified":"2021-06-23T09:03:07+00:00","description":"Follow our up-to-date blog so you can keep up with the latest interior design styles and trends! Feel free to contact us!","breadcrumb":{"@id":"https:\/\/cookroom.hu\/en\/blog\/#breadcrumb"},"inLanguage":"en-US","potentialAction":[{"@type":"ReadAction","target":["https:\/\/cookroom.hu\/en\/blog\/"]}]},{"@type":"BreadcrumbList","@id":"https:\/\/cookroom.hu\/en\/blog\/#breadcrumb","itemListElement":[{"@type":"ListItem","position":1,"name":"Kezd\u0151lap","item":"https:\/\/cookroom.hu\/en\/"},{"@type":"ListItem","position":2,"name":"Blog"}]},{"@type":"WebSite","@id":"https:\/\/cookroom.hu\/en\/#website","url":"https:\/\/cookroom.hu\/en\/","name":"Cookroom - Aliante Design","description":"Exkluz\u00edv design b\u00fatorok \u00e9s lakberendez\u00e9si kieg\u00e9sz\u00edt\u0151k","potentialAction":[{"@type":"SearchAction","target":{"@type":"EntryPoint","urlTemplate":"https:\/\/cookroom.hu\/en\/?s={search_term_string}"},"query-input":"required name=search_term_string"}],"inLanguage":"en-US"}]}},"_links":{"self":[{"href":"https:\/\/cookroom.hu\/en\/wp-json\/wp\/v2\/pages\/1927"}],"collection":[{"href":"https:\/\/cookroom.hu\/en\/wp-json\/wp\/v2\/pages"}],"about":[{"href":"https:\/\/cookroom.hu\/en\/wp-json\/wp\/v2\/types\/page"}],"author":[{"embeddable":true,"href":"https:\/\/cookroom.hu\/en\/wp-json\/wp\/v2\/users\/3"}],"replies":[{"embeddable":true,"href":"https:\/\/cookroom.hu\/en\/wp-json\/wp\/v2\/comments?post=1927"}],"version-history":[{"count":4,"href":"https:\/\/cookroom.hu\/en\/wp-json\/wp\/v2\/pages\/1927\/revisions"}],"predecessor-version":[{"id":2435,"href":"https:\/\/cookroom.hu\/en\/wp-json\/wp\/v2\/pages\/1927\/revisions\/2435"}],"wp:attachment":[{"href":"https:\/\/cookroom.hu\/en\/wp-json\/wp\/v2\/media?parent=1927"}],"curies":[{"name":"wp","href":"https:\/\/api.w.org\/{rel}","templated":true}]}}