{"id":1822,"date":"2021-06-21T15:16:07","date_gmt":"2021-06-21T13:16:07","guid":{"rendered":"https:\/\/cookroom.hu\/?page_id=1822"},"modified":"2021-06-23T10:44:29","modified_gmt":"2021-06-23T08:44:29","slug":"accessories","status":"publish","type":"page","link":"https:\/\/cookroom.hu\/en\/accessories\/","title":{"rendered":"Accessories"},"content":{"rendered":"<div id='av_section_1'  class='avia-section main_color avia-section-default avia-no-border-styling  avia-full-stretch av-section-color-overlay-active avia-bg-style-scroll  avia-builder-el-0  el_before_av_one_full  avia-builder-el-first   container_wrap fullsize' style='background-repeat: no-repeat; background-image: url(https:\/\/cookroom.hu\/wp-content\/uploads\/2021\/02\/officinadiluca.png);background-attachment: scroll; background-position: center center;  '  data-section-bg-repeat='stretch'><div class='av-section-color-overlay-wrap'><div class='av-section-color-overlay' style='opacity: 0.5; background-color: #000000; '><\/div><div class='container' ><main  role=\"main\" itemprop=\"mainContentOfPage\"  class='template-page content  av-content-full alpha units'><div class='post-entry post-entry-type-page post-entry-1822'><div class='entry-content-wrapper clearfix'>\n<div class=\"flex_column av_one_full  avia-full-stretch flex_column_div av-zero-column-padding first  avia-builder-el-1  avia-builder-el-no-sibling  \" style='border-radius:0px; '><p><div  style='padding-bottom:10px; color:#ffffff;' class='av-special-heading av-special-heading-h1 custom-color-heading blockquote modern-quote modern-centered  avia-builder-el-2  el_before_av_textblock  avia-builder-el-first  '><h1 class='av-special-heading-tag '  itemprop=\"headline\"  >Accessories<\/h1><div class='special-heading-border'><div class='special-heading-inner-border' style='border-color:#ffffff'><\/div><\/div><\/div><br \/>\n<section class=\"av_textblock_section \"  itemscope=\"itemscope\" itemtype=\"https:\/\/schema.org\/CreativeWork\" ><div class='avia_textblock  av_inherit_color '  style='color:#ffffff; '  itemprop=\"text\" ><p style=\"text-align: center;\"><span style=\"font-weight: 400;\">About <strong>Officina di Luca<\/strong> products: for a few years now, we have been in contact with an Italian craftsman whose works in rusty iron are very special and can be a very nice jewel in the living space. His philosophy is that rust is nothing more than a memory on iron.<\/span><\/p>\n<p style=\"text-align: center;\"><span style=\"font-weight: 400;\">His rusty little animals have stolen their way into more than just our hearts. The artist who makes these objects is a true innovator and likes to test other process techniques on iron.<\/span><\/p>\n<p style=\"text-align: center;\">You can see and buy these wonderful works of art in our <a href=\"\/en\/contacts\/\">showroom<\/a>.<\/p>\n<\/div><\/section><\/p><\/div><\/div><\/div><\/main><!-- close content main element --><\/div><\/div><\/div><div id='after_section_1'  class='main_color av_default_container_wrap container_wrap fullsize' style=' '  ><div class='container' ><div class='template-page content  av-content-full alpha units'><div class='post-entry post-entry-type-page post-entry-1822'><div class='entry-content-wrapper clearfix'><div class=\"flex_column av_one_full  flex_column_div av-zero-column-padding first  avia-builder-el-4  el_after_av_section  avia-builder-el-no-sibling  \" style='border-radius:0px; '><div id='av-masonry-1' class='av-masonry  noHover av-fixed-size av-large-gap av-hover-overlay-active av-masonry-animation-active av-masonry-col-6 av-caption-always av-caption-style- av-masonry-gallery     '  ><div class='av-masonry-container isotope av-js-disabled ' ><div class='av-masonry-entry isotope-item av-masonry-item-no-image '><\/div><a href=\"https:\/\/cookroom.hu\/wp-content\/uploads\/2021\/02\/fullsizeoutput_62c7-1030x974.jpeg\"  aria-label=\"image fullsizeoutput_62c7\"  id='av-masonry-1-item-1825' data-av-masonry-item='1825' class='av-masonry-entry isotope-item post-1825 attachment type-attachment status-inherit hentry  av-masonry-item-with-image' title=\"fullsizeoutput_62c7\" alt=\"\"   itemprop=\"thumbnailUrl\" ><div class='av-inner-masonry-sizer'><\/div><figure class='av-inner-masonry main_color'><div class=\"av-masonry-outerimage-container\"><div class=\"av-masonry-image-container\" style=\"background-image: url(https:\/\/cookroom.hu\/wp-content\/uploads\/2021\/02\/fullsizeoutput_62c7.jpeg);\" title=\"fullsizeoutput_62c7\" ><\/div><\/div><\/figure><\/a><!--end av-masonry entry--><a href=\"https:\/\/cookroom.hu\/wp-content\/uploads\/2021\/02\/fullsizeoutput_6480-1030x952.jpeg\"  aria-label=\"image fullsizeoutput_6480\"  id='av-masonry-1-item-1835' data-av-masonry-item='1835' class='av-masonry-entry isotope-item post-1835 attachment type-attachment status-inherit hentry  av-masonry-item-with-image' title=\"fullsizeoutput_6480\" alt=\"\"   itemprop=\"thumbnailUrl\" ><div class='av-inner-masonry-sizer'><\/div><figure class='av-inner-masonry main_color'><div class=\"av-masonry-outerimage-container\"><div class=\"av-masonry-image-container\" style=\"background-image: url(https:\/\/cookroom.hu\/wp-content\/uploads\/2021\/02\/fullsizeoutput_6480.jpeg);\" title=\"fullsizeoutput_6480\" ><\/div><\/div><\/figure><\/a><!--end av-masonry entry--><a href=\"https:\/\/cookroom.hu\/wp-content\/uploads\/2021\/02\/fullsizeoutput_63a6-885x1030.jpeg\"  aria-label=\"image fullsizeoutput_63a6\"  id='av-masonry-1-item-1826' data-av-masonry-item='1826' class='av-masonry-entry isotope-item post-1826 attachment type-attachment status-inherit hentry  av-masonry-item-with-image' title=\"fullsizeoutput_63a6\" alt=\"\"   itemprop=\"thumbnailUrl\" ><div class='av-inner-masonry-sizer'><\/div><figure class='av-inner-masonry main_color'><div class=\"av-masonry-outerimage-container\"><div class=\"av-masonry-image-container\" style=\"background-image: url(https:\/\/cookroom.hu\/wp-content\/uploads\/2021\/02\/fullsizeoutput_63a6.jpeg);\" title=\"fullsizeoutput_63a6\" ><\/div><\/div><\/figure><\/a><!--end av-masonry entry--><a href=\"https:\/\/cookroom.hu\/wp-content\/uploads\/2021\/02\/fullsizeoutput_63ac-1030x947.jpeg\"  aria-label=\"image fullsizeoutput_63ac\"  id='av-masonry-1-item-1827' data-av-masonry-item='1827' class='av-masonry-entry isotope-item post-1827 attachment type-attachment status-inherit hentry  av-masonry-item-with-image' title=\"fullsizeoutput_63ac\" alt=\"\"   itemprop=\"thumbnailUrl\" ><div class='av-inner-masonry-sizer'><\/div><figure class='av-inner-masonry main_color'><div class=\"av-masonry-outerimage-container\"><div class=\"av-masonry-image-container\" style=\"background-image: url(https:\/\/cookroom.hu\/wp-content\/uploads\/2021\/02\/fullsizeoutput_63ac.jpeg);\" title=\"fullsizeoutput_63ac\" ><\/div><\/div><\/figure><\/a><!--end av-masonry entry--><a href=\"https:\/\/cookroom.hu\/wp-content\/uploads\/2021\/02\/fullsizeoutput_63ae-1030x843.jpeg\"  aria-label=\"image fullsizeoutput_63ae\"  id='av-masonry-1-item-1828' data-av-masonry-item='1828' class='av-masonry-entry isotope-item post-1828 attachment type-attachment status-inherit hentry  av-masonry-item-with-image' title=\"fullsizeoutput_63ae\" alt=\"\"   itemprop=\"thumbnailUrl\" ><div class='av-inner-masonry-sizer'><\/div><figure class='av-inner-masonry main_color'><div class=\"av-masonry-outerimage-container\"><div class=\"av-masonry-image-container\" style=\"background-image: url(https:\/\/cookroom.hu\/wp-content\/uploads\/2021\/02\/fullsizeoutput_63ae.jpeg);\" title=\"fullsizeoutput_63ae\" ><\/div><\/div><\/figure><\/a><!--end av-masonry entry--><a href=\"https:\/\/cookroom.hu\/wp-content\/uploads\/2021\/02\/fullsizeoutput_586f-1030x830.jpeg\"  aria-label=\"image fullsizeoutput_586f\"  id='av-masonry-1-item-1833' data-av-masonry-item='1833' class='av-masonry-entry isotope-item post-1833 attachment type-attachment status-inherit hentry  av-masonry-item-with-image' title=\"fullsizeoutput_586f\" alt=\"\"   itemprop=\"thumbnailUrl\" ><div class='av-inner-masonry-sizer'><\/div><figure class='av-inner-masonry main_color'><div class=\"av-masonry-outerimage-container\"><div class=\"av-masonry-image-container\" style=\"background-image: url(https:\/\/cookroom.hu\/wp-content\/uploads\/2021\/02\/fullsizeoutput_586f.jpeg);\" title=\"fullsizeoutput_586f\" ><\/div><\/div><\/figure><\/a><!--end av-masonry entry--><a href=\"https:\/\/cookroom.hu\/wp-content\/uploads\/2021\/02\/fullsizeoutput_63b0-1030x929.jpeg\"  aria-label=\"image fullsizeoutput_63b0\"  id='av-masonry-1-item-1829' data-av-masonry-item='1829' class='av-masonry-entry isotope-item post-1829 attachment type-attachment status-inherit hentry  av-masonry-item-with-image' title=\"fullsizeoutput_63b0\" alt=\"\"   itemprop=\"thumbnailUrl\" ><div class='av-inner-masonry-sizer'><\/div><figure class='av-inner-masonry main_color'><div class=\"av-masonry-outerimage-container\"><div class=\"av-masonry-image-container\" style=\"background-image: url(https:\/\/cookroom.hu\/wp-content\/uploads\/2021\/02\/fullsizeoutput_63b0.jpeg);\" title=\"fullsizeoutput_63b0\" ><\/div><\/div><\/figure><\/a><!--end av-masonry entry--><a href=\"https:\/\/cookroom.hu\/wp-content\/uploads\/2021\/02\/fullsizeoutput_5873-1030x974.jpeg\"  aria-label=\"image fullsizeoutput_5873\"  id='av-masonry-1-item-1834' data-av-masonry-item='1834' class='av-masonry-entry isotope-item post-1834 attachment type-attachment status-inherit hentry  av-masonry-item-with-image' title=\"fullsizeoutput_5873\" alt=\"\"   itemprop=\"thumbnailUrl\" ><div class='av-inner-masonry-sizer'><\/div><figure class='av-inner-masonry main_color'><div class=\"av-masonry-outerimage-container\"><div class=\"av-masonry-image-container\" style=\"background-image: url(https:\/\/cookroom.hu\/wp-content\/uploads\/2021\/02\/fullsizeoutput_5873.jpeg);\" title=\"fullsizeoutput_5873\" ><\/div><\/div><\/figure><\/a><!--end av-masonry entry--><a href=\"https:\/\/cookroom.hu\/wp-content\/uploads\/2021\/02\/fullsizeoutput_66ae-829x1030.jpeg\"  aria-label=\"image fullsizeoutput_66ae\"  id='av-masonry-1-item-1830' data-av-masonry-item='1830' class='av-masonry-entry isotope-item post-1830 attachment type-attachment status-inherit hentry  av-masonry-item-with-image' title=\"fullsizeoutput_66ae\" alt=\"\"   itemprop=\"thumbnailUrl\" ><div class='av-inner-masonry-sizer'><\/div><figure class='av-inner-masonry main_color'><div class=\"av-masonry-outerimage-container\"><div class=\"av-masonry-image-container\" style=\"background-image: url(https:\/\/cookroom.hu\/wp-content\/uploads\/2021\/02\/fullsizeoutput_66ae.jpeg);\" title=\"fullsizeoutput_66ae\" ><\/div><\/div><\/figure><\/a><!--end av-masonry entry--><a href=\"https:\/\/cookroom.hu\/wp-content\/uploads\/2021\/02\/fullsizeoutput_67be-938x1030.jpeg\"  aria-label=\"image fullsizeoutput_67be\"  id='av-masonry-1-item-1831' data-av-masonry-item='1831' class='av-masonry-entry isotope-item post-1831 attachment type-attachment status-inherit hentry  av-masonry-item-with-image' title=\"fullsizeoutput_67be\" alt=\"\"   itemprop=\"thumbnailUrl\" ><div class='av-inner-masonry-sizer'><\/div><figure class='av-inner-masonry main_color'><div class=\"av-masonry-outerimage-container\"><div class=\"av-masonry-image-container\" style=\"background-image: url(https:\/\/cookroom.hu\/wp-content\/uploads\/2021\/02\/fullsizeoutput_67be.jpeg);\" title=\"fullsizeoutput_67be\" ><\/div><\/div><\/figure><\/a><!--end av-masonry entry--><a href=\"https:\/\/cookroom.hu\/wp-content\/uploads\/2021\/02\/fullsizeoutput_551f-1030x960.jpeg\"  aria-label=\"image fullsizeoutput_551f\"  id='av-masonry-1-item-1832' data-av-masonry-item='1832' class='av-masonry-entry isotope-item post-1832 attachment type-attachment status-inherit hentry  av-masonry-item-with-image' title=\"fullsizeoutput_551f\" alt=\"\"   itemprop=\"thumbnailUrl\" ><div class='av-inner-masonry-sizer'><\/div><figure class='av-inner-masonry main_color'><div class=\"av-masonry-outerimage-container\"><div class=\"av-masonry-image-container\" style=\"background-image: url(https:\/\/cookroom.hu\/wp-content\/uploads\/2021\/02\/fullsizeoutput_551f.jpeg);\" title=\"fullsizeoutput_551f\" ><\/div><\/div><\/figure><\/a><!--end av-masonry entry--><\/div><\/div><\/div><\/p>\n","protected":false},"excerpt":{"rendered":"","protected":false},"author":3,"featured_media":0,"parent":0,"menu_order":0,"comment_status":"closed","ping_status":"closed","template":"","meta":[],"yoast_head":"<!-- This site is optimized with the Yoast SEO plugin v19.12 - https:\/\/yoast.com\/wordpress\/plugins\/seo\/ -->\n<title>Unique home accessories - Exclusive Italian design - Cookroom<\/title>\n<meta name=\"description\" content=\"Unique design decoration elements and special home accessories for your home. Let&#039;s make the big picture complete together. Contact us!\" \/>\n<meta name=\"robots\" content=\"index, follow, max-snippet:-1, max-image-preview:large, max-video-preview:-1\" \/>\n<link rel=\"canonical\" href=\"https:\/\/cookroom.hu\/en\/accessories\/\" \/>\n<meta property=\"og:locale\" content=\"en_US\" \/>\n<meta property=\"og:type\" content=\"article\" \/>\n<meta property=\"og:title\" content=\"Unique home accessories - Exclusive Italian design - Cookroom\" \/>\n<meta property=\"og:description\" content=\"Unique design decoration elements and special home accessories for your home. Let&#039;s make the big picture complete together. Contact us!\" \/>\n<meta property=\"og:url\" content=\"https:\/\/cookroom.hu\/en\/accessories\/\" \/>\n<meta property=\"og:site_name\" content=\"Cookroom - Aliante Design\" \/>\n<meta property=\"article:modified_time\" content=\"2021-06-23T08:44:29+00:00\" \/>\n<meta name=\"twitter:card\" content=\"summary_large_image\" \/>\n<meta name=\"twitter:label1\" content=\"Est. reading time\" \/>\n\t<meta name=\"twitter:data1\" content=\"2 minutes\" \/>\n<script type=\"application\/ld+json\" class=\"yoast-schema-graph\">{\"@context\":\"https:\/\/schema.org\",\"@graph\":[{\"@type\":\"WebPage\",\"@id\":\"https:\/\/cookroom.hu\/en\/accessories\/\",\"url\":\"https:\/\/cookroom.hu\/en\/accessories\/\",\"name\":\"Unique home accessories - Exclusive Italian design - Cookroom\",\"isPartOf\":{\"@id\":\"https:\/\/cookroom.hu\/en\/#website\"},\"datePublished\":\"2021-06-21T13:16:07+00:00\",\"dateModified\":\"2021-06-23T08:44:29+00:00\",\"description\":\"Unique design decoration elements and special home accessories for your home. Let's make the big picture complete together. Contact us!\",\"breadcrumb\":{\"@id\":\"https:\/\/cookroom.hu\/en\/accessories\/#breadcrumb\"},\"inLanguage\":\"en-US\",\"potentialAction\":[{\"@type\":\"ReadAction\",\"target\":[\"https:\/\/cookroom.hu\/en\/accessories\/\"]}]},{\"@type\":\"BreadcrumbList\",\"@id\":\"https:\/\/cookroom.hu\/en\/accessories\/#breadcrumb\",\"itemListElement\":[{\"@type\":\"ListItem\",\"position\":1,\"name\":\"Kezd\u0151lap\",\"item\":\"https:\/\/cookroom.hu\/en\/\"},{\"@type\":\"ListItem\",\"position\":2,\"name\":\"Accessories\"}]},{\"@type\":\"WebSite\",\"@id\":\"https:\/\/cookroom.hu\/en\/#website\",\"url\":\"https:\/\/cookroom.hu\/en\/\",\"name\":\"Cookroom - Aliante Design\",\"description\":\"Exkluz\u00edv design b\u00fatorok \u00e9s lakberendez\u00e9si kieg\u00e9sz\u00edt\u0151k\",\"potentialAction\":[{\"@type\":\"SearchAction\",\"target\":{\"@type\":\"EntryPoint\",\"urlTemplate\":\"https:\/\/cookroom.hu\/en\/?s={search_term_string}\"},\"query-input\":\"required name=search_term_string\"}],\"inLanguage\":\"en-US\"}]}<\/script>\n<!-- \/ Yoast SEO plugin. -->","yoast_head_json":{"title":"Unique home accessories - Exclusive Italian design - Cookroom","description":"Unique design decoration elements and special home accessories for your home. Let's make the big picture complete together. Contact us!","robots":{"index":"index","follow":"follow","max-snippet":"max-snippet:-1","max-image-preview":"max-image-preview:large","max-video-preview":"max-video-preview:-1"},"canonical":"https:\/\/cookroom.hu\/en\/accessories\/","og_locale":"en_US","og_type":"article","og_title":"Unique home accessories - Exclusive Italian design - Cookroom","og_description":"Unique design decoration elements and special home accessories for your home. Let's make the big picture complete together. Contact us!","og_url":"https:\/\/cookroom.hu\/en\/accessories\/","og_site_name":"Cookroom - Aliante Design","article_modified_time":"2021-06-23T08:44:29+00:00","twitter_card":"summary_large_image","twitter_misc":{"Est. reading time":"2 minutes"},"schema":{"@context":"https:\/\/schema.org","@graph":[{"@type":"WebPage","@id":"https:\/\/cookroom.hu\/en\/accessories\/","url":"https:\/\/cookroom.hu\/en\/accessories\/","name":"Unique home accessories - Exclusive Italian design - Cookroom","isPartOf":{"@id":"https:\/\/cookroom.hu\/en\/#website"},"datePublished":"2021-06-21T13:16:07+00:00","dateModified":"2021-06-23T08:44:29+00:00","description":"Unique design decoration elements and special home accessories for your home. Let's make the big picture complete together. Contact us!","breadcrumb":{"@id":"https:\/\/cookroom.hu\/en\/accessories\/#breadcrumb"},"inLanguage":"en-US","potentialAction":[{"@type":"ReadAction","target":["https:\/\/cookroom.hu\/en\/accessories\/"]}]},{"@type":"BreadcrumbList","@id":"https:\/\/cookroom.hu\/en\/accessories\/#breadcrumb","itemListElement":[{"@type":"ListItem","position":1,"name":"Kezd\u0151lap","item":"https:\/\/cookroom.hu\/en\/"},{"@type":"ListItem","position":2,"name":"Accessories"}]},{"@type":"WebSite","@id":"https:\/\/cookroom.hu\/en\/#website","url":"https:\/\/cookroom.hu\/en\/","name":"Cookroom - Aliante Design","description":"Exkluz\u00edv design b\u00fatorok \u00e9s lakberendez\u00e9si kieg\u00e9sz\u00edt\u0151k","potentialAction":[{"@type":"SearchAction","target":{"@type":"EntryPoint","urlTemplate":"https:\/\/cookroom.hu\/en\/?s={search_term_string}"},"query-input":"required name=search_term_string"}],"inLanguage":"en-US"}]}},"_links":{"self":[{"href":"https:\/\/cookroom.hu\/en\/wp-json\/wp\/v2\/pages\/1822"}],"collection":[{"href":"https:\/\/cookroom.hu\/en\/wp-json\/wp\/v2\/pages"}],"about":[{"href":"https:\/\/cookroom.hu\/en\/wp-json\/wp\/v2\/types\/page"}],"author":[{"embeddable":true,"href":"https:\/\/cookroom.hu\/en\/wp-json\/wp\/v2\/users\/3"}],"replies":[{"embeddable":true,"href":"https:\/\/cookroom.hu\/en\/wp-json\/wp\/v2\/comments?post=1822"}],"version-history":[{"count":4,"href":"https:\/\/cookroom.hu\/en\/wp-json\/wp\/v2\/pages\/1822\/revisions"}],"predecessor-version":[{"id":2432,"href":"https:\/\/cookroom.hu\/en\/wp-json\/wp\/v2\/pages\/1822\/revisions\/2432"}],"wp:attachment":[{"href":"https:\/\/cookroom.hu\/en\/wp-json\/wp\/v2\/media?parent=1822"}],"curies":[{"name":"wp","href":"https:\/\/api.w.org\/{rel}","templated":true}]}}