{"id":1795,"date":"2021-06-21T15:12:03","date_gmt":"2021-06-21T13:12:03","guid":{"rendered":"https:\/\/cookroom.hu\/?page_id=1795"},"modified":"2021-06-23T11:40:55","modified_gmt":"2021-06-23T09:40:55","slug":"kids-furniture","status":"publish","type":"page","link":"https:\/\/cookroom.hu\/en\/kids-furniture\/","title":{"rendered":"Kids furniture"},"content":{"rendered":"<div id='av_section_1'  class='avia-section main_color avia-section-default avia-no-border-styling  avia-full-stretch av-section-color-overlay-active avia-bg-style-scroll  avia-builder-el-0  el_before_av_one_full  avia-builder-el-first   container_wrap fullsize' style='background-repeat: no-repeat; background-image: url(https:\/\/cookroom.hu\/wp-content\/uploads\/2021\/01\/FY33-1.jpg);background-attachment: scroll; background-position: center center;  '  data-section-bg-repeat='stretch'><div class='av-section-color-overlay-wrap'><div class='av-section-color-overlay' style='opacity: 0.5; background-color: #000000; '><\/div><div class='container' ><main  role=\"main\" itemprop=\"mainContentOfPage\"  class='template-page content  av-content-full alpha units'><div class='post-entry post-entry-type-page post-entry-1795'><div class='entry-content-wrapper clearfix'>\n<div class=\"flex_column av_one_full  avia-full-stretch flex_column_div av-zero-column-padding first  avia-builder-el-1  avia-builder-el-no-sibling  \" style='border-radius:0px; '><p><div  style='padding-bottom:10px; color:#ffffff;' class='av-special-heading av-special-heading-h1 custom-color-heading blockquote modern-quote modern-centered  avia-builder-el-2  el_before_av_textblock  avia-builder-el-first  '><h1 class='av-special-heading-tag '  itemprop=\"headline\"  >Kids furniture<\/h1><div class='special-heading-border'><div class='special-heading-inner-border' style='border-color:#ffffff'><\/div><\/div><\/div><br \/>\n<section class=\"av_textblock_section \"  itemscope=\"itemscope\" itemtype=\"https:\/\/schema.org\/CreativeWork\" ><div class='avia_textblock  av_inherit_color '  style='color:#ffffff; '  itemprop=\"text\" ><p style=\"text-align: center;\"><span style=\"font-weight: 400;\">We distribute children&#8217;s furniture from the Italian ZG Group. Our collections include bunk beds, hide-a-beds, cots\/beds, extendable beds with guest beds, traditional beds in various sizes and designs. In addition, desks in various designs, as well as shelves and shelving systems with a large number of combinations, chest of drawers in several sizes, wardrobes and cabinets with a large variety of elements.<\/span><\/p>\n<\/div><\/section><\/p><\/div><\/div><\/div><\/main><!-- close content main element --><\/div><\/div><\/div><div id='after_section_1'  class='main_color av_default_container_wrap container_wrap fullsize' style=' '  ><div class='container' ><div class='template-page content  av-content-full alpha units'><div class='post-entry post-entry-type-page post-entry-1795'><div class='entry-content-wrapper clearfix'><div class=\"flex_column av_one_full  flex_column_div av-zero-column-padding first  avia-builder-el-4  el_after_av_section  avia-builder-el-no-sibling  \" style='border-radius:0px; '><div id='av-masonry-1' class='av-masonry  noHover av-fixed-size av-large-gap av-hover-overlay-active av-masonry-animation-active av-masonry-col-6 av-caption-always av-caption-style- av-masonry-gallery     '  ><div class='av-masonry-container isotope av-js-disabled ' ><div class='av-masonry-entry isotope-item av-masonry-item-no-image '><\/div><a href=\"https:\/\/cookroom.hu\/wp-content\/uploads\/2021\/01\/FY21-1-1030x644.jpg\"  aria-label=\"image FY21\"  id='av-masonry-1-item-1797' data-av-masonry-item='1797' class='av-masonry-entry isotope-item post-1797 attachment type-attachment status-inherit hentry  av-masonry-item-with-image' title=\"FY21\" alt=\"\"   itemprop=\"thumbnailUrl\" ><div class='av-inner-masonry-sizer'><\/div><figure class='av-inner-masonry main_color'><div class=\"av-masonry-outerimage-container\"><div class=\"av-masonry-image-container\" style=\"background-image: url(https:\/\/cookroom.hu\/wp-content\/uploads\/2021\/01\/FY21-1.jpg);\" title=\"FY21\" ><\/div><\/div><\/figure><\/a><!--end av-masonry entry--><a href=\"https:\/\/cookroom.hu\/wp-content\/uploads\/2021\/01\/FY21_02-1-1030x644.jpg\"  aria-label=\"image FY21_02\"  id='av-masonry-1-item-1798' data-av-masonry-item='1798' class='av-masonry-entry isotope-item post-1798 attachment type-attachment status-inherit hentry  av-masonry-item-with-image' title=\"FY21_02\" alt=\"\"   itemprop=\"thumbnailUrl\" ><div class='av-inner-masonry-sizer'><\/div><figure class='av-inner-masonry main_color'><div class=\"av-masonry-outerimage-container\"><div class=\"av-masonry-image-container\" style=\"background-image: url(https:\/\/cookroom.hu\/wp-content\/uploads\/2021\/01\/FY21_02-1.jpg);\" title=\"FY21_02\" ><\/div><\/div><\/figure><\/a><!--end av-masonry entry--><a href=\"https:\/\/cookroom.hu\/wp-content\/uploads\/2021\/01\/FY22-1-1030x644.jpg\"  aria-label=\"image FY22\"  id='av-masonry-1-item-1799' data-av-masonry-item='1799' class='av-masonry-entry isotope-item post-1799 attachment type-attachment status-inherit hentry  av-masonry-item-with-image' title=\"FY22\" alt=\"\"   itemprop=\"thumbnailUrl\" ><div class='av-inner-masonry-sizer'><\/div><figure class='av-inner-masonry main_color'><div class=\"av-masonry-outerimage-container\"><div class=\"av-masonry-image-container\" style=\"background-image: url(https:\/\/cookroom.hu\/wp-content\/uploads\/2021\/01\/FY22-1.jpg);\" title=\"FY22\" ><\/div><\/div><\/figure><\/a><!--end av-masonry entry--><a href=\"https:\/\/cookroom.hu\/wp-content\/uploads\/2021\/01\/FY22_01-1-824x1030.jpg\"  aria-label=\"image FY22_01\"  id='av-masonry-1-item-1800' data-av-masonry-item='1800' class='av-masonry-entry isotope-item post-1800 attachment type-attachment status-inherit hentry  av-masonry-item-with-image' title=\"FY22_01\" alt=\"\"   itemprop=\"thumbnailUrl\" ><div class='av-inner-masonry-sizer'><\/div><figure class='av-inner-masonry main_color'><div class=\"av-masonry-outerimage-container\"><div class=\"av-masonry-image-container\" style=\"background-image: url(https:\/\/cookroom.hu\/wp-content\/uploads\/2021\/01\/FY22_01-1.jpg);\" title=\"FY22_01\" ><\/div><\/div><\/figure><\/a><!--end av-masonry entry--><a href=\"https:\/\/cookroom.hu\/wp-content\/uploads\/2021\/01\/FY22_02-1-1030x801.jpg\"  aria-label=\"image FY22_02\"  id='av-masonry-1-item-1801' data-av-masonry-item='1801' class='av-masonry-entry isotope-item post-1801 attachment type-attachment status-inherit hentry  av-masonry-item-with-image' title=\"FY22_02\" alt=\"\"   itemprop=\"thumbnailUrl\" ><div class='av-inner-masonry-sizer'><\/div><figure class='av-inner-masonry main_color'><div class=\"av-masonry-outerimage-container\"><div class=\"av-masonry-image-container\" style=\"background-image: url(https:\/\/cookroom.hu\/wp-content\/uploads\/2021\/01\/FY22_02-1.jpg);\" title=\"FY22_02\" ><\/div><\/div><\/figure><\/a><!--end av-masonry entry--><a href=\"https:\/\/cookroom.hu\/wp-content\/uploads\/2021\/01\/FY23-1-1030x644.jpg\"  aria-label=\"image FY23\"  id='av-masonry-1-item-1802' data-av-masonry-item='1802' class='av-masonry-entry isotope-item post-1802 attachment type-attachment status-inherit hentry  av-masonry-item-with-image' title=\"FY23\" alt=\"\"   itemprop=\"thumbnailUrl\" ><div class='av-inner-masonry-sizer'><\/div><figure class='av-inner-masonry main_color'><div class=\"av-masonry-outerimage-container\"><div class=\"av-masonry-image-container\" style=\"background-image: url(https:\/\/cookroom.hu\/wp-content\/uploads\/2021\/01\/FY23-1.jpg);\" title=\"FY23\" ><\/div><\/div><\/figure><\/a><!--end av-masonry entry--><a href=\"https:\/\/cookroom.hu\/wp-content\/uploads\/2021\/01\/FY29_02-1-824x1030.jpg\"  aria-label=\"image FY29_02\"  id='av-masonry-1-item-1803' data-av-masonry-item='1803' class='av-masonry-entry isotope-item post-1803 attachment type-attachment status-inherit hentry  av-masonry-item-with-image' title=\"FY29_02\" alt=\"\"   itemprop=\"thumbnailUrl\" ><div class='av-inner-masonry-sizer'><\/div><figure class='av-inner-masonry main_color'><div class=\"av-masonry-outerimage-container\"><div class=\"av-masonry-image-container\" style=\"background-image: url(https:\/\/cookroom.hu\/wp-content\/uploads\/2021\/01\/FY29_02-1.jpg);\" title=\"FY29_02\" ><\/div><\/div><\/figure><\/a><!--end av-masonry entry--><a href=\"https:\/\/cookroom.hu\/wp-content\/uploads\/2021\/01\/FY29_03-1-824x1030.jpg\"  aria-label=\"image FY29_03\"  id='av-masonry-1-item-1804' data-av-masonry-item='1804' class='av-masonry-entry isotope-item post-1804 attachment type-attachment status-inherit hentry  av-masonry-item-with-image' title=\"FY29_03\" alt=\"\"   itemprop=\"thumbnailUrl\" ><div class='av-inner-masonry-sizer'><\/div><figure class='av-inner-masonry main_color'><div class=\"av-masonry-outerimage-container\"><div class=\"av-masonry-image-container\" style=\"background-image: url(https:\/\/cookroom.hu\/wp-content\/uploads\/2021\/01\/FY29_03-1.jpg);\" title=\"FY29_03\" ><\/div><\/div><\/figure><\/a><!--end av-masonry entry--><a href=\"https:\/\/cookroom.hu\/wp-content\/uploads\/2021\/01\/FY29_04-1-1030x644.jpg\"  aria-label=\"image FY29_04\"  id='av-masonry-1-item-1805' data-av-masonry-item='1805' class='av-masonry-entry isotope-item post-1805 attachment type-attachment status-inherit hentry  av-masonry-item-with-image' title=\"FY29_04\" alt=\"\"   itemprop=\"thumbnailUrl\" ><div class='av-inner-masonry-sizer'><\/div><figure class='av-inner-masonry main_color'><div class=\"av-masonry-outerimage-container\"><div class=\"av-masonry-image-container\" style=\"background-image: url(https:\/\/cookroom.hu\/wp-content\/uploads\/2021\/01\/FY29_04-1.jpg);\" title=\"FY29_04\" ><\/div><\/div><\/figure><\/a><!--end av-masonry entry--><a href=\"https:\/\/cookroom.hu\/wp-content\/uploads\/2021\/01\/FY30-1-1030x644.jpg\"  aria-label=\"image FY30\"  id='av-masonry-1-item-1806' data-av-masonry-item='1806' class='av-masonry-entry isotope-item post-1806 attachment type-attachment status-inherit hentry  av-masonry-item-with-image' title=\"FY30\" alt=\"\"   itemprop=\"thumbnailUrl\" ><div class='av-inner-masonry-sizer'><\/div><figure class='av-inner-masonry main_color'><div class=\"av-masonry-outerimage-container\"><div class=\"av-masonry-image-container\" style=\"background-image: url(https:\/\/cookroom.hu\/wp-content\/uploads\/2021\/01\/FY30-1.jpg);\" title=\"FY30\" ><\/div><\/div><\/figure><\/a><!--end av-masonry entry--><a href=\"https:\/\/cookroom.hu\/wp-content\/uploads\/2021\/01\/FY30_01-1-824x1030.jpg\"  aria-label=\"image FY30_01\"  id='av-masonry-1-item-1807' data-av-masonry-item='1807' class='av-masonry-entry isotope-item post-1807 attachment type-attachment status-inherit hentry  av-masonry-item-with-image' title=\"FY30_01\" alt=\"\"   itemprop=\"thumbnailUrl\" ><div class='av-inner-masonry-sizer'><\/div><figure class='av-inner-masonry main_color'><div class=\"av-masonry-outerimage-container\"><div class=\"av-masonry-image-container\" style=\"background-image: url(https:\/\/cookroom.hu\/wp-content\/uploads\/2021\/01\/FY30_01-1.jpg);\" title=\"FY30_01\" ><\/div><\/div><\/figure><\/a><!--end av-masonry entry--><a href=\"https:\/\/cookroom.hu\/wp-content\/uploads\/2021\/01\/FY30_02-1-824x1030.jpg\"  aria-label=\"image FY30_02\"  id='av-masonry-1-item-1808' data-av-masonry-item='1808' class='av-masonry-entry isotope-item post-1808 attachment type-attachment status-inherit hentry  av-masonry-item-with-image' title=\"FY30_02\" alt=\"\"   itemprop=\"thumbnailUrl\" ><div class='av-inner-masonry-sizer'><\/div><figure class='av-inner-masonry main_color'><div class=\"av-masonry-outerimage-container\"><div class=\"av-masonry-image-container\" style=\"background-image: url(https:\/\/cookroom.hu\/wp-content\/uploads\/2021\/01\/FY30_02-1.jpg);\" title=\"FY30_02\" ><\/div><\/div><\/figure><\/a><!--end av-masonry entry--><\/div><a class='av-masonry-pagination av-masonry-load-more' href='#load-more'  data-ids='431,432,433,434,435,436,437,438,439,440,441,442,443,444,445,446,447,448,449,450,451,452,453'  data-action=''  data-link='category'  data-post_type='post, page, attachment, revision, nav_menu_item, custom_css, customize_changeset, oembed_cache, user_request, wp_block, wp_template, wp_template_part, wp_global_styles, wp_navigation, product, product_variation, shop_order, shop_order_refund, shop_coupon, shop_order_placehold, wpcf7_contact_form, portfolio, avia_framework_post'  data-items='12'  data-size='fixed'  data-gap='large'  data-overlay_fx='active'  data-animation='active'  data-offset='0'  data-container_links='active'  data-link_dest=''  data-lightbox_text=''  data-lazy_loading='disabled'  data-container_class='av-masonry-gallery  '  data-paginate='load_more'  data-caption_elements='none'  data-caption_display='always'  data-caption_styling=''  data-wc_prod_visible=''  data-wc_prod_hidden=''  data-wc_prod_featured=''  data-prod_order_by=''  data-prod_order=''  data-sort='no'  data-columns='6'  data-auto_ratio='1.7'  data-set_breadcrumb='1'  data-custom_markup=''  data-query_orderby='date'  data-query_order='DESC'  data-color=''  data-custom_bg=''  data-custom_class=''  data-orientation=''  data-date_filter=''  data-date_filter_start=''  data-date_filter_end=''  data-date_filter_format='yy\/mm\/dd'  data-id=''  data-avno='b419e1f579'>Load more<\/a><\/div><\/div><\/p>\n","protected":false},"excerpt":{"rendered":"","protected":false},"author":3,"featured_media":0,"parent":0,"menu_order":0,"comment_status":"closed","ping_status":"closed","template":"","meta":[],"yoast_head":"<!-- This site is optimized with the Yoast SEO plugin v19.12 - https:\/\/yoast.com\/wordpress\/plugins\/seo\/ -->\n<title>Design Kids Furniture - Furniture design and construction - Cookroom<\/title>\n<meta name=\"description\" content=\"Do you want both practical and stylish furniture in your child&#039;s room? Our kids furniture collection comes in various designs and sizes.\" \/>\n<meta name=\"robots\" content=\"index, follow, max-snippet:-1, max-image-preview:large, max-video-preview:-1\" \/>\n<link rel=\"canonical\" href=\"https:\/\/cookroom.hu\/en\/kids-furniture\/\" \/>\n<meta property=\"og:locale\" content=\"en_US\" \/>\n<meta property=\"og:type\" content=\"article\" \/>\n<meta property=\"og:title\" content=\"Design Kids Furniture - Furniture design and construction - Cookroom\" \/>\n<meta property=\"og:description\" content=\"Do you want both practical and stylish furniture in your child&#039;s room? Our kids furniture collection comes in various designs and sizes.\" \/>\n<meta property=\"og:url\" content=\"https:\/\/cookroom.hu\/en\/kids-furniture\/\" \/>\n<meta property=\"og:site_name\" content=\"Cookroom - Aliante Design\" \/>\n<meta property=\"article:modified_time\" content=\"2021-06-23T09:40:55+00:00\" \/>\n<meta name=\"twitter:card\" content=\"summary_large_image\" \/>\n<meta name=\"twitter:label1\" content=\"Est. reading time\" \/>\n\t<meta name=\"twitter:data1\" content=\"1 minute\" \/>\n<script type=\"application\/ld+json\" class=\"yoast-schema-graph\">{\"@context\":\"https:\/\/schema.org\",\"@graph\":[{\"@type\":\"WebPage\",\"@id\":\"https:\/\/cookroom.hu\/en\/kids-furniture\/\",\"url\":\"https:\/\/cookroom.hu\/en\/kids-furniture\/\",\"name\":\"Design Kids Furniture - Furniture design and construction - Cookroom\",\"isPartOf\":{\"@id\":\"https:\/\/cookroom.hu\/en\/#website\"},\"datePublished\":\"2021-06-21T13:12:03+00:00\",\"dateModified\":\"2021-06-23T09:40:55+00:00\",\"description\":\"Do you want both practical and stylish furniture in your child's room? Our kids furniture collection comes in various designs and sizes.\",\"breadcrumb\":{\"@id\":\"https:\/\/cookroom.hu\/en\/kids-furniture\/#breadcrumb\"},\"inLanguage\":\"en-US\",\"potentialAction\":[{\"@type\":\"ReadAction\",\"target\":[\"https:\/\/cookroom.hu\/en\/kids-furniture\/\"]}]},{\"@type\":\"BreadcrumbList\",\"@id\":\"https:\/\/cookroom.hu\/en\/kids-furniture\/#breadcrumb\",\"itemListElement\":[{\"@type\":\"ListItem\",\"position\":1,\"name\":\"Kezd\u0151lap\",\"item\":\"https:\/\/cookroom.hu\/en\/\"},{\"@type\":\"ListItem\",\"position\":2,\"name\":\"Kids furniture\"}]},{\"@type\":\"WebSite\",\"@id\":\"https:\/\/cookroom.hu\/en\/#website\",\"url\":\"https:\/\/cookroom.hu\/en\/\",\"name\":\"Cookroom - Aliante Design\",\"description\":\"Exkluz\u00edv design b\u00fatorok \u00e9s lakberendez\u00e9si kieg\u00e9sz\u00edt\u0151k\",\"potentialAction\":[{\"@type\":\"SearchAction\",\"target\":{\"@type\":\"EntryPoint\",\"urlTemplate\":\"https:\/\/cookroom.hu\/en\/?s={search_term_string}\"},\"query-input\":\"required name=search_term_string\"}],\"inLanguage\":\"en-US\"}]}<\/script>\n<!-- \/ Yoast SEO plugin. -->","yoast_head_json":{"title":"Design Kids Furniture - Furniture design and construction - Cookroom","description":"Do you want both practical and stylish furniture in your child's room? Our kids furniture collection comes in various designs and sizes.","robots":{"index":"index","follow":"follow","max-snippet":"max-snippet:-1","max-image-preview":"max-image-preview:large","max-video-preview":"max-video-preview:-1"},"canonical":"https:\/\/cookroom.hu\/en\/kids-furniture\/","og_locale":"en_US","og_type":"article","og_title":"Design Kids Furniture - Furniture design and construction - Cookroom","og_description":"Do you want both practical and stylish furniture in your child's room? Our kids furniture collection comes in various designs and sizes.","og_url":"https:\/\/cookroom.hu\/en\/kids-furniture\/","og_site_name":"Cookroom - Aliante Design","article_modified_time":"2021-06-23T09:40:55+00:00","twitter_card":"summary_large_image","twitter_misc":{"Est. reading time":"1 minute"},"schema":{"@context":"https:\/\/schema.org","@graph":[{"@type":"WebPage","@id":"https:\/\/cookroom.hu\/en\/kids-furniture\/","url":"https:\/\/cookroom.hu\/en\/kids-furniture\/","name":"Design Kids Furniture - Furniture design and construction - Cookroom","isPartOf":{"@id":"https:\/\/cookroom.hu\/en\/#website"},"datePublished":"2021-06-21T13:12:03+00:00","dateModified":"2021-06-23T09:40:55+00:00","description":"Do you want both practical and stylish furniture in your child's room? Our kids furniture collection comes in various designs and sizes.","breadcrumb":{"@id":"https:\/\/cookroom.hu\/en\/kids-furniture\/#breadcrumb"},"inLanguage":"en-US","potentialAction":[{"@type":"ReadAction","target":["https:\/\/cookroom.hu\/en\/kids-furniture\/"]}]},{"@type":"BreadcrumbList","@id":"https:\/\/cookroom.hu\/en\/kids-furniture\/#breadcrumb","itemListElement":[{"@type":"ListItem","position":1,"name":"Kezd\u0151lap","item":"https:\/\/cookroom.hu\/en\/"},{"@type":"ListItem","position":2,"name":"Kids furniture"}]},{"@type":"WebSite","@id":"https:\/\/cookroom.hu\/en\/#website","url":"https:\/\/cookroom.hu\/en\/","name":"Cookroom - Aliante Design","description":"Exkluz\u00edv design b\u00fatorok \u00e9s lakberendez\u00e9si kieg\u00e9sz\u00edt\u0151k","potentialAction":[{"@type":"SearchAction","target":{"@type":"EntryPoint","urlTemplate":"https:\/\/cookroom.hu\/en\/?s={search_term_string}"},"query-input":"required name=search_term_string"}],"inLanguage":"en-US"}]}},"_links":{"self":[{"href":"https:\/\/cookroom.hu\/en\/wp-json\/wp\/v2\/pages\/1795"}],"collection":[{"href":"https:\/\/cookroom.hu\/en\/wp-json\/wp\/v2\/pages"}],"about":[{"href":"https:\/\/cookroom.hu\/en\/wp-json\/wp\/v2\/types\/page"}],"author":[{"embeddable":true,"href":"https:\/\/cookroom.hu\/en\/wp-json\/wp\/v2\/users\/3"}],"replies":[{"embeddable":true,"href":"https:\/\/cookroom.hu\/en\/wp-json\/wp\/v2\/comments?post=1795"}],"version-history":[{"count":3,"href":"https:\/\/cookroom.hu\/en\/wp-json\/wp\/v2\/pages\/1795\/revisions"}],"predecessor-version":[{"id":2436,"href":"https:\/\/cookroom.hu\/en\/wp-json\/wp\/v2\/pages\/1795\/revisions\/2436"}],"wp:attachment":[{"href":"https:\/\/cookroom.hu\/en\/wp-json\/wp\/v2\/media?parent=1795"}],"curies":[{"name":"wp","href":"https:\/\/api.w.org\/{rel}","templated":true}]}}