{"id":1335,"date":"2020-06-05T09:24:36","date_gmt":"2020-06-05T07:24:36","guid":{"rendered":"https:\/\/cookroom.hu\/rolunk\/"},"modified":"2025-12-02T13:54:22","modified_gmt":"2025-12-02T12:54:22","slug":"about-us","status":"publish","type":"page","link":"https:\/\/cookroom.hu\/en\/about-us\/","title":{"rendered":"About us"},"content":{"rendered":"<div id='full_slider_1'  class='avia-fullwidth-slider main_color avia-shadow   avia-builder-el-0  el_before_av_section  avia-builder-el-first   container_wrap fullsize' style=' '  ><div   data-size='no scaling'  data-lightbox_size='large'  data-animation='slide'  data-conditional_play=''  data-ids='1031'  data-video_counter='0'  data-autoplay='false'  data-bg_slider='false'  data-slide_height=''  data-handle='av_slideshow_full'  data-interval='5'  data-class=' '  data-el_id=''  data-css_id=''  data-scroll_down=''  data-control_layout='av-control-minimal'  data-custom_markup=''  data-perma_caption=''  data-autoplay_stopper=''  data-image_attachment=''  data-min_height='0px'  data-lazy_loading='disabled'  data-src=''  data-position='top left'  data-repeat='no-repeat'  data-attach='scroll'  data-stretch=''  class='avia-slideshow avia-slideshow-1  av-control-minimal av-default-height-applied avia-slideshow-no scaling av_slideshow_full   avia-slide-slider '  itemprop=\"image\" itemscope=\"itemscope\" itemtype=\"https:\/\/schema.org\/ImageObject\" ><ul class='avia-slideshow-inner ' style='padding-bottom: 21.875%;' ><li  class=' av-single-slide slide-1 ' ><div data-rel='slideshow-1' class='avia-slide-wrap '   ><div class = \"caption_fullwidth av-slideshow-caption caption_bottom\"><div class = \"container caption_container\"><div class = \"slideshow_caption\"><div class = \"slideshow_inner_caption\"><div class = \"slideshow_align_caption\"><div class='avia-caption-content  '  itemprop=\"description\"  ><h1>Meet our design furniture distribution team!<\/h1>\n<\/div><\/div><\/div><\/div><\/div><\/div><img class=\"wp-image-1336 avia-img-lazy-loading-not-1336\"  src=\"https:\/\/cookroom.hu\/wp-content\/uploads\/2021\/02\/rolunk.png\" width=\"1920\" height=\"420\" title='rolunk' alt=''  itemprop=\"thumbnailUrl\" srcset=\"https:\/\/cookroom.hu\/wp-content\/uploads\/2021\/02\/rolunk.png 1920w, https:\/\/cookroom.hu\/wp-content\/uploads\/2021\/02\/rolunk-600x131.png 600w, https:\/\/cookroom.hu\/wp-content\/uploads\/2021\/02\/rolunk-300x66.png 300w, https:\/\/cookroom.hu\/wp-content\/uploads\/2021\/02\/rolunk-1030x225.png 1030w, https:\/\/cookroom.hu\/wp-content\/uploads\/2021\/02\/rolunk-768x168.png 768w, https:\/\/cookroom.hu\/wp-content\/uploads\/2021\/02\/rolunk-1536x336.png 1536w\" sizes=\"(max-width: 1920px) 100vw, 1920px\" \/><\/div><\/li><\/ul><\/div><\/div>\n<div id='av_section_1'  class='avia-section main_color avia-section-default avia-no-border-styling  avia-bg-style-scroll  avia-builder-el-1  el_after_av_slideshow_full  el_before_av_section  hatszog-ures  container_wrap fullsize' style=' '  ><div class='container' ><div class='template-page content  av-content-full alpha units'><div class='post-entry post-entry-type-page post-entry-1335'><div class='entry-content-wrapper clearfix'>\n<div class=\"flex_column av_one_half  flex_column_div av-zero-column-padding first  avia-builder-el-2  el_before_av_one_half  avia-builder-el-first  \" style='border-radius:0px; '><section  class='avia-team-member   avia-builder-el-3  avia-builder-el-no-sibling '  itemscope=\"itemscope\" itemtype=\"https:\/\/schema.org\/Person\" ><h3 class='team-member-name'    itemprop=\"name\" >Edina Litvai <\/h3><div class='team-member-description '  itemprop=\"description\"  ><p>I graduated from the Junior Art Interior Design School in 2001.<\/p>\n<p>Between 2001 and 2011 I had the opportunity to try myself in many fields of the industry, both as an employee and as a contractor. I was able to work in both design and the commercial side of the job. I have gained a wide range of experience, from small design assignments to complex projects. I\u2018ve run two studios; a kitchen studio and a bathroom one, but I\u2019ve also been a salesman for wallpaper and home textiles.<\/p>\n<p>I spent the first ten years of my professional life looking for a new path, and in 2012 I met Nora and through her the Italian design. I was fascinated by the liveable minimalism that has characterised my work ever since.<\/p>\n<\/div><span class='hidden team-member-affiliation'  itemprop=\"affiliation\" >Cookroom - Aliante Design<\/span><\/section><\/div><div class=\"flex_column av_one_half  flex_column_div av-zero-column-padding   avia-builder-el-4  el_after_av_one_half  avia-builder-el-last  \" style='border-radius:0px; '><section  class='avia-team-member   avia-builder-el-5  avia-builder-el-no-sibling '  itemscope=\"itemscope\" itemtype=\"https:\/\/schema.org\/Person\" ><h3 class='team-member-name'    itemprop=\"name\" >Aliante Design<\/h3><div class='team-member-description '  itemprop=\"description\"  ><p>Dedication, professionalism, quality materials - Aliante Kft.\u2019s lively presence in the wood and furniture industry is due to these three factors. We are proud that the Cook &amp; Room brand is now also part of the group, so we can now jointly offer truly innovative, high-quality solutions in furniture production.<\/p>\n<p>Let\u2019s meet in our showroom: H-1037 Budapest, Kunigunda \u00fatja 78.<\/p>\n<p>www.aliantedesign.hu<\/p>\n<\/div><span class='hidden team-member-affiliation'  itemprop=\"affiliation\" >Cookroom - Aliante Design<\/span><\/section><\/div><\/div><\/div><\/div><!-- close content main div --><\/div><\/div><div id='av_section_2'  class='avia-section main_color avia-section-default avia-no-border-styling  avia-bg-style-scroll  avia-builder-el-6  el_after_av_section  el_before_av_textblock  spec-sep ket-hatszoges  container_wrap fullsize' style=' '  ><div class='container' ><div class='template-page content  av-content-full alpha units'><div class='post-entry post-entry-type-page post-entry-1335'><div class='entry-content-wrapper clearfix'>\n<div  style=' margin-top:25px; margin-bottom:25px;'  class='hr hr-custom hr-center hr-icon-yes   avia-builder-el-7  avia-builder-el-no-sibling '><span class='hr-inner  inner-border-av-border-thin' style=' width:60px; border-color:#dcdada; max-width:45%;' ><span class='hr-inner-style'><\/span><\/span><span class='av-seperator-icon' style='color:#dcdada;' aria-hidden='true' data-av_icon='\ue843' data-av_iconfont='cookroom'><\/span><span class='hr-inner  inner-border-av-border-thin' style=' width:60px; border-color:#dcdada; max-width:45%;' ><span class='hr-inner-style'><\/span><\/span><\/div>\n<\/div><\/div><\/div><!-- close content main div --><\/div><\/div><div id='after_section_2'  class='main_color av_default_container_wrap container_wrap fullsize' style=' '  ><div class='container' ><div class='template-page content  av-content-full alpha units'><div class='post-entry post-entry-type-page post-entry-1335'><div class='entry-content-wrapper clearfix'><\/p>\n<section class=\"av_textblock_section \"  itemscope=\"itemscope\" itemtype=\"https:\/\/schema.org\/CreativeWork\" ><div class='avia_textblock  '   itemprop=\"text\" ><p><strong>In 2005, we opened our downtown shop with N\u00f3ra Venczel<\/strong>, which was then arguably the most beautiful kitchen showroom in the country, at 22 Kir\u00e1ly Street in the 6th district. At the beginning we ran under the name Prima Design, later we took the name Cook &amp; Room. At that time, we had about 15-20 design kitchen units on display on three floors.<\/p>\n<p>Since the beginning we have always been committed to Italian design and <strong>the MADE IN ITALY spirit<\/strong>. So we <strong>worked very closely with the Italian furniture company GeD Arredamenti<\/strong>. In addition, we have also distributed the Fedrigo Salotti sofas and beds. Initially we were very keen to operate in the downtown design furniture district, but then with the transformation of Kir\u00e1ly Street and its surroundings into a party district, the furniture companies moved out of that district. In 2018 we also decided to move to a new location. We tried to find a new place where the shop could be easily transformed and after years of living in the city centre, accessibility by car and parking was also an important factor for us. When selecting a new location, we were looking for a place with an industrial style. That&#8217;s why we chose an industrial park in \u00dajbuda, in the 11th district at 70 Budafoki \u00fat. Here, our furniture is currently displayed on two floors. Since we have moved, we have been trying to realise our ideas and constantly innovate and develop.<\/p>\n<p><strong>We no longer represent only the Italian company GD arredamenti (formerly GeD arredamenti), but we also work with another Italian manufacturer ZG gruop.<\/strong> They produce not only kitchen furniture, but also traditional wardrobes and the nowadays so trendy WALK IN closets, modern industrial shelving systems, and highly variable and practical children&#8217;s room furniture, beds and bedroom furniture. The item lists of these two furniture manufacturers are also very often used to create living and dining room units. We also have a <strong>great partnership with a high end bathroom furniture factory Archeda Srl<\/strong>. They bring uniqueness to bathrooms with their very refreshing designs, light airy furniture and quality use of materials.<\/p>\n<p><strong>In 2018, we started working with the Italian company Informa<\/strong>, whose sliding doors are good at separating or uniting spaces. These doors are all suspended and equipped with a braking mechanism, making everyday use easier. <strong>Chairs from Colos, another Italian company, were also launched in 2020.<\/strong> Their young, simple lines, their tables and bar stools and their redefined benches immediately caught our eye. We discovered our other partner at a SALONE exhibition in Milan, <strong>the Italian artisan Luca Peppoloni<\/strong>. You can&#8217;t help falling in love with his charming wrought iron animals, making them a distinctive jewel in any interior.<\/p>\n<p>In addition to the selling of products, <strong>we also offer interior design<\/strong>, which is essential to provide our clients with comprehensive services. <strong>That is why we commit ourselves to designing our kitchens, wardrobes, bathroom furniture and other custom-made wardrobes.<\/strong><\/p>\n<p>In order to ensure an efficient management of the process,<strong> we also offer on-site assessment<\/strong> in addition to the planning. This way, if a floor plan is not available, we can measure the area and then start the project. This is easier for us, because the assessment gives us a real insight into the conditions of the room to be furnished, and we can guarantee that the planned furniture will fit in and the client does not have to bother with measuring and drawing the walls. In the recent hectic world, we have noticed that many people do not have time to deal with the execution, so we also manage the complete execution of projects using our many years of experience. To be able to do this, over the years we have gained reliable, well prepared and skilled professionals. For us, it is important to follow the principle of what we can do, not why we cannot do it. In case of a problem that needs to be solved, we say that there is no problem, only a task to be done. Here we would also like to mention <strong>our technical teams, with whom we have in fact more than 10 years of cooperation behind us. We are grateful to them, because good installation, taking care of the finished home, handling the task as if it was our own is essential in this category, and is one of the key elements of quality furniture!<\/strong><\/p>\n<p>The other thing we have in mind, because we are a small company, is that<strong> we try to be as flexible as possible with our clients<\/strong>. Thus, our opening hours reflect this, i.e. if someone needs a quick appointment on a Sunday evening then if we can schedule it in time, we will organise our lives to accommodate this.<\/p>\n<p>That is why we have added to our opening hours that we ask you to come and visit us by appointment if possible.<\/p>\n<p>From 2023, we have decided that Cook &amp; Room will continue its activities as part of the Aliante Group of Companies under the brand name Aliante Design. The values, expertise, and services will remain, but at the same time, under the leadership of Edina Litvai, the company group will be supplemented by a team and strength proven in other fields. N\u00f3ra Venczel continues to work in the United States.<\/p>\n<p>We hope you like our brief introduction and we look forward to welcoming you to our showroom with a nice Italian coffee too!<\/p>\n<\/div><\/section>\n<\/div><\/div><\/div><!-- close content main div --><\/div><\/div><div id='av_section_3'  class='avia-section main_color avia-section-default avia-no-border-styling  avia-bg-style-scroll  avia-builder-el-9  el_after_av_textblock  el_before_av_section  spec-sep  container_wrap fullsize' style=' '  ><div class='container' ><div class='template-page content  av-content-full alpha units'><div class='post-entry post-entry-type-page post-entry-1335'><div class='entry-content-wrapper clearfix'>\n<div  style=' margin-top:25px; margin-bottom:25px;'  class='hr hr-custom hr-center hr-icon-yes   avia-builder-el-10  avia-builder-el-no-sibling '><span class='hr-inner  inner-border-av-border-thin' style=' width:60px; border-color:#dcdada; max-width:45%;' ><span class='hr-inner-style'><\/span><\/span><span class='av-seperator-icon' style='color:#dcdada;' aria-hidden='true' data-av_icon='\ue843' data-av_iconfont='cookroom'><\/span><span class='hr-inner  inner-border-av-border-thin' style=' width:60px; border-color:#dcdada; max-width:45%;' ><span class='hr-inner-style'><\/span><\/span><\/div>\n\n<\/div><\/div><\/div><!-- close content main div --><\/div><\/div><div id='av_section_4'  class='avia-section main_color avia-section-huge avia-no-border-styling  avia-full-stretch avia-bg-style-scroll  avia-builder-el-11  el_after_av_section  el_before_av_section  fullwidth sotet-bg  container_wrap fullsize' style='background-repeat: no-repeat; background-image: url(https:\/\/cookroom.hu\/wp-content\/uploads\/2020\/06\/cta-bg.jpg);background-attachment: scroll; background-position: center center;  '  data-section-bg-repeat='stretch'><div class='container' ><div class='template-page content  av-content-full alpha units'><div class='post-entry post-entry-type-page post-entry-1335'><div class='entry-content-wrapper clearfix'>\n<div  style='padding-bottom:10px; ' class='av-special-heading av-special-heading-h2  blockquote modern-quote modern-centered  avia-builder-el-12  el_before_av_hr  avia-builder-el-first  '><h2 class='av-special-heading-tag '  itemprop=\"headline\"  >WOULD YOU LIKE TO VISIT OUR SHOWROOM?<\/h2><div class='special-heading-border'><div class='special-heading-inner-border' ><\/div><\/div><\/div>\n<div  style='height:35px' class='hr hr-invisible   avia-builder-el-13  el_after_av_heading  el_before_av_button '><span class='hr-inner ' ><span class='hr-inner-style'><\/span><\/span><\/div>\n<div  class='avia-button-wrap avia-button-center  avia-builder-el-14  el_after_av_hr  avia-builder-el-last  lg' ><a href='https:\/\/cookroom.hu\/en\/contacts\/'  class='avia-button  avia-color-theme-color   avia-icon_select-no avia-size-small avia-position-center '   ><span class='avia_iconbox_title' >Go to contact details<\/span><\/a><\/div>\n\n<\/div><\/div><\/div><!-- close content main div --><\/div><\/div><div id='av_section_5'  class='avia-section alternate_color avia-section-huge avia-no-border-styling  avia-bg-style-scroll  avia-builder-el-15  el_after_av_section  el_before_av_google_map   container_wrap fullsize' style=' '  ><div class='container' ><div class='template-page content  av-content-full alpha units'><div class='post-entry post-entry-type-page post-entry-1335'><div class='entry-content-wrapper clearfix'>\n<div  style='padding-bottom:20px; ' class='av-special-heading av-special-heading-h2  blockquote modern-quote modern-centered  avia-builder-el-16  el_before_av_textblock  avia-builder-el-first  '><h2 class='av-special-heading-tag '  itemprop=\"headline\"  >Contact:<\/h2><div class='special-heading-border'><div class='special-heading-inner-border' ><\/div><\/div><\/div>\n<section class=\"av_textblock_section \"  itemscope=\"itemscope\" itemtype=\"https:\/\/schema.org\/CreativeWork\" ><div class='avia_textblock  '   itemprop=\"text\" ><p style=\"text-align: center;\">Fill out the form below and visit us!<\/p>\n<div role=\"form\" class=\"wpcf7\" id=\"wpcf7-f76-o1\" lang=\"hu-HU\" dir=\"ltr\">\n<div class=\"screen-reader-response\"><p role=\"status\" aria-live=\"polite\" aria-atomic=\"true\"><\/p> <ul><\/ul><\/div>\n<form action=\"\/en\/wp-json\/wp\/v2\/pages\/1335#wpcf7-f76-o1\" method=\"post\" class=\"wpcf7-form init\" novalidate=\"novalidate\" data-status=\"init\">\n<div style=\"display: none;\">\n<input type=\"hidden\" name=\"_wpcf7\" value=\"76\" \/>\n<input type=\"hidden\" name=\"_wpcf7_version\" value=\"5.6\" \/>\n<input type=\"hidden\" name=\"_wpcf7_locale\" value=\"hu_HU\" \/>\n<input type=\"hidden\" name=\"_wpcf7_unit_tag\" value=\"wpcf7-f76-o1\" \/>\n<input type=\"hidden\" name=\"_wpcf7_container_post\" value=\"0\" \/>\n<input type=\"hidden\" name=\"_wpcf7_posted_data_hash\" value=\"\" \/>\n<input type=\"hidden\" name=\"_wpcf7_recaptcha_response\" value=\"\" \/>\n<\/div>\n<p><span class=\"wpcf7-form-control-wrap\" data-name=\"d-name\"><input type=\"text\" name=\"d-name\" value=\"\" size=\"40\" class=\"wpcf7-form-control wpcf7-text wpcf7-validates-as-required\" aria-required=\"true\" aria-invalid=\"false\" placeholder=\"N\u00e9v:\" \/><\/span>\n<span class=\"wpcf7-form-control-wrap\" data-name=\"d-tel\"><input type=\"tel\" name=\"d-tel\" value=\"\" size=\"40\" class=\"wpcf7-form-control wpcf7-text wpcf7-tel wpcf7-validates-as-tel\" aria-invalid=\"false\" placeholder=\"Telefonsz\u00e1m:\" \/><\/span>\n<span class=\"wpcf7-form-control-wrap\" data-name=\"d-email\"><input type=\"email\" name=\"d-email\" value=\"\" size=\"40\" class=\"wpcf7-form-control wpcf7-text wpcf7-email wpcf7-validates-as-required wpcf7-validates-as-email\" aria-required=\"true\" aria-invalid=\"false\" placeholder=\"Email:\" \/><\/span>\n<span class=\"wpcf7-form-control-wrap\" data-name=\"d-tevekenyseg\"><input type=\"text\" name=\"d-tevekenyseg\" value=\"\" size=\"40\" class=\"wpcf7-form-control wpcf7-text\" aria-invalid=\"false\" placeholder=\"Tev\u00e9kenys\u00e9gi k\u00f6r:\" \/><\/span>\n<span class=\"wpcf7-form-control-wrap\" data-name=\"d-desc\"><textarea name=\"d-desc\" cols=\"40\" rows=\"10\" class=\"wpcf7-form-control wpcf7-textarea\" aria-invalid=\"false\" placeholder=\"Terveid r\u00f6vid le\u00edr\u00e1sa:\"><\/textarea><\/span>\n<span class=\"wpcf7-form-control-wrap\" data-name=\"d-talalkozo\"><input type=\"text\" name=\"d-talalkozo\" value=\"\" size=\"40\" class=\"wpcf7-form-control wpcf7-text\" aria-invalid=\"false\" placeholder=\"Szem\u00e9lyes tal\u00e1lkoz\u00f3 sz\u00e1modra ide\u00e1lis id\u0151pontja:\" \/><\/span><\/p>\n<p><input type=\"submit\" value=\"Elk\u00fcld\" class=\"wpcf7-form-control has-spinner wpcf7-submit\" \/><\/p>\n<div class=\"wpcf7-response-output\" aria-hidden=\"true\"><\/div><\/form><\/div>\n<\/div><\/section>\n\n<div  class='av_gmaps_sc_main_wrap av_gmaps_main_wrap '><div id='av_gmap_0' class='avia-google-map-container avia-google-map-sc av_gmaps_show_unconditionally av-no-fallback-img ' data-mapid='av_gmap_0'  style='height: 400px;'><a class=\"av_gmaps_browser_disabled av_text_confirm_link av_text_confirm_link_visible\" href=\"https:\/\/www.google.com\/maps\/search\/?api=1&#038;query=Budafoki%20\u00fat%2070%201117%20Budapest%20Budapest%20Magyarorsz\u00e1g\" target=\"_blank\" rel=\"noopener\">Maps were disabled by the visitor on this site. Click to open the map in a new window.<\/a><\/div><\/div>\n","protected":false},"excerpt":{"rendered":"","protected":false},"author":3,"featured_media":0,"parent":0,"menu_order":0,"comment_status":"closed","ping_status":"closed","template":"","meta":[],"yoast_head":"<!-- This site is optimized with the Yoast SEO plugin v19.12 - https:\/\/yoast.com\/wordpress\/plugins\/seo\/ -->\n<title>Modern Interior Design Studio - Get to know our team! - CookRoom<\/title>\n<meta name=\"description\" content=\"As lovers of modern interior design, we commit ourselves to designing kitchens, wardrobes, bathroom furniture and other custom-made wardrobes.\" \/>\n<meta name=\"robots\" content=\"index, follow, max-snippet:-1, max-image-preview:large, max-video-preview:-1\" \/>\n<link rel=\"canonical\" href=\"https:\/\/cookroom.hu\/en\/about-us\/\" \/>\n<meta property=\"og:locale\" content=\"en_US\" \/>\n<meta property=\"og:type\" content=\"article\" \/>\n<meta property=\"og:title\" content=\"Modern Lakberendez\u00e9si St\u00fadi\u00f3 - Ismerd meg csapatunkat! - Cookroom\" \/>\n<meta property=\"og:description\" content=\"A modern lakberendez\u00e9s szerelmeseik\u00e9nt a Te otthonod is egyediv\u00e9 tessz\u00fck. Gy\u0151z\u0151dj meg r\u00f3la, hogy \u00e9rdemes minket v\u00e1lasztanod!\" \/>\n<meta property=\"og:url\" content=\"https:\/\/cookroom.hu\/en\/about-us\/\" \/>\n<meta property=\"og:site_name\" content=\"Cookroom - Aliante Design\" \/>\n<meta property=\"article:modified_time\" content=\"2025-12-02T12:54:22+00:00\" \/>\n<meta property=\"og:image\" content=\"https:\/\/cookroom.hu\/wp-content\/uploads\/2021\/02\/modern-lakberendezes-rolunk-og.jpg\" \/>\n\t<meta property=\"og:image:width\" content=\"1200\" \/>\n\t<meta property=\"og:image:height\" content=\"630\" \/>\n\t<meta property=\"og:image:type\" content=\"image\/jpeg\" \/>\n<meta name=\"twitter:card\" content=\"summary_large_image\" \/>\n<meta name=\"twitter:label1\" content=\"Est. reading time\" \/>\n\t<meta name=\"twitter:data1\" content=\"10 minutes\" \/>\n<script type=\"application\/ld+json\" class=\"yoast-schema-graph\">{\"@context\":\"https:\/\/schema.org\",\"@graph\":[{\"@type\":\"WebPage\",\"@id\":\"https:\/\/cookroom.hu\/en\/about-us\/\",\"url\":\"https:\/\/cookroom.hu\/en\/about-us\/\",\"name\":\"Modern Interior Design Studio - Get to know our team! - CookRoom\",\"isPartOf\":{\"@id\":\"https:\/\/cookroom.hu\/en\/#website\"},\"datePublished\":\"2020-06-05T07:24:36+00:00\",\"dateModified\":\"2025-12-02T12:54:22+00:00\",\"description\":\"As lovers of modern interior design, we commit ourselves to designing kitchens, wardrobes, bathroom furniture and other custom-made wardrobes.\",\"breadcrumb\":{\"@id\":\"https:\/\/cookroom.hu\/en\/about-us\/#breadcrumb\"},\"inLanguage\":\"en-US\",\"potentialAction\":[{\"@type\":\"ReadAction\",\"target\":[\"https:\/\/cookroom.hu\/en\/about-us\/\"]}]},{\"@type\":\"BreadcrumbList\",\"@id\":\"https:\/\/cookroom.hu\/en\/about-us\/#breadcrumb\",\"itemListElement\":[{\"@type\":\"ListItem\",\"position\":1,\"name\":\"Kezd\u0151lap\",\"item\":\"https:\/\/cookroom.hu\/en\/\"},{\"@type\":\"ListItem\",\"position\":2,\"name\":\"About us\"}]},{\"@type\":\"WebSite\",\"@id\":\"https:\/\/cookroom.hu\/en\/#website\",\"url\":\"https:\/\/cookroom.hu\/en\/\",\"name\":\"Cookroom - Aliante Design\",\"description\":\"Exkluz\u00edv design b\u00fatorok \u00e9s lakberendez\u00e9si kieg\u00e9sz\u00edt\u0151k\",\"potentialAction\":[{\"@type\":\"SearchAction\",\"target\":{\"@type\":\"EntryPoint\",\"urlTemplate\":\"https:\/\/cookroom.hu\/en\/?s={search_term_string}\"},\"query-input\":\"required name=search_term_string\"}],\"inLanguage\":\"en-US\"}]}<\/script>\n<!-- \/ Yoast SEO plugin. -->","yoast_head_json":{"title":"Modern Interior Design Studio - Get to know our team! - CookRoom","description":"As lovers of modern interior design, we commit ourselves to designing kitchens, wardrobes, bathroom furniture and other custom-made wardrobes.","robots":{"index":"index","follow":"follow","max-snippet":"max-snippet:-1","max-image-preview":"max-image-preview:large","max-video-preview":"max-video-preview:-1"},"canonical":"https:\/\/cookroom.hu\/en\/about-us\/","og_locale":"en_US","og_type":"article","og_title":"Modern Lakberendez\u00e9si St\u00fadi\u00f3 - Ismerd meg csapatunkat! - Cookroom","og_description":"A modern lakberendez\u00e9s szerelmeseik\u00e9nt a Te otthonod is egyediv\u00e9 tessz\u00fck. Gy\u0151z\u0151dj meg r\u00f3la, hogy \u00e9rdemes minket v\u00e1lasztanod!","og_url":"https:\/\/cookroom.hu\/en\/about-us\/","og_site_name":"Cookroom - Aliante Design","article_modified_time":"2025-12-02T12:54:22+00:00","og_image":[{"width":1200,"height":630,"url":"https:\/\/cookroom.hu\/wp-content\/uploads\/2021\/02\/modern-lakberendezes-rolunk-og.jpg","type":"image\/jpeg"}],"twitter_card":"summary_large_image","twitter_misc":{"Est. reading time":"10 minutes"},"schema":{"@context":"https:\/\/schema.org","@graph":[{"@type":"WebPage","@id":"https:\/\/cookroom.hu\/en\/about-us\/","url":"https:\/\/cookroom.hu\/en\/about-us\/","name":"Modern Interior Design Studio - Get to know our team! - CookRoom","isPartOf":{"@id":"https:\/\/cookroom.hu\/en\/#website"},"datePublished":"2020-06-05T07:24:36+00:00","dateModified":"2025-12-02T12:54:22+00:00","description":"As lovers of modern interior design, we commit ourselves to designing kitchens, wardrobes, bathroom furniture and other custom-made wardrobes.","breadcrumb":{"@id":"https:\/\/cookroom.hu\/en\/about-us\/#breadcrumb"},"inLanguage":"en-US","potentialAction":[{"@type":"ReadAction","target":["https:\/\/cookroom.hu\/en\/about-us\/"]}]},{"@type":"BreadcrumbList","@id":"https:\/\/cookroom.hu\/en\/about-us\/#breadcrumb","itemListElement":[{"@type":"ListItem","position":1,"name":"Kezd\u0151lap","item":"https:\/\/cookroom.hu\/en\/"},{"@type":"ListItem","position":2,"name":"About us"}]},{"@type":"WebSite","@id":"https:\/\/cookroom.hu\/en\/#website","url":"https:\/\/cookroom.hu\/en\/","name":"Cookroom - Aliante Design","description":"Exkluz\u00edv design b\u00fatorok \u00e9s lakberendez\u00e9si kieg\u00e9sz\u00edt\u0151k","potentialAction":[{"@type":"SearchAction","target":{"@type":"EntryPoint","urlTemplate":"https:\/\/cookroom.hu\/en\/?s={search_term_string}"},"query-input":"required name=search_term_string"}],"inLanguage":"en-US"}]}},"_links":{"self":[{"href":"https:\/\/cookroom.hu\/en\/wp-json\/wp\/v2\/pages\/1335"}],"collection":[{"href":"https:\/\/cookroom.hu\/en\/wp-json\/wp\/v2\/pages"}],"about":[{"href":"https:\/\/cookroom.hu\/en\/wp-json\/wp\/v2\/types\/page"}],"author":[{"embeddable":true,"href":"https:\/\/cookroom.hu\/en\/wp-json\/wp\/v2\/users\/3"}],"replies":[{"embeddable":true,"href":"https:\/\/cookroom.hu\/en\/wp-json\/wp\/v2\/comments?post=1335"}],"version-history":[{"count":17,"href":"https:\/\/cookroom.hu\/en\/wp-json\/wp\/v2\/pages\/1335\/revisions"}],"predecessor-version":[{"id":2863,"href":"https:\/\/cookroom.hu\/en\/wp-json\/wp\/v2\/pages\/1335\/revisions\/2863"}],"wp:attachment":[{"href":"https:\/\/cookroom.hu\/en\/wp-json\/wp\/v2\/media?parent=1335"}],"curies":[{"name":"wp","href":"https:\/\/api.w.org\/{rel}","templated":true}]}}